{"id":114,"date":"2024-01-04T15:07:00","date_gmt":"2024-01-04T15:07:00","guid":{"rendered":"https:\/\/hopeful-hofstadter.31-220-96-92.plesk.page\/?page_id=114"},"modified":"2025-05-05T22:04:17","modified_gmt":"2025-05-05T22:04:17","slug":"politica-de-privacidad","status":"publish","type":"page","link":"https:\/\/hopeful-hofstadter.31-220-96-92.plesk.page\/?page_id=114","title":{"rendered":"Pol\u00edtica de Privacidad"},"content":{"rendered":"\t\t<div data-elementor-type=\"wp-page\" data-elementor-id=\"114\" class=\"elementor elementor-114\" data-elementor-post-type=\"page\">\n\t\t\t\t<div class=\"elementor-element elementor-element-6780228 e-flex e-con-boxed e-con e-parent\" data-id=\"6780228\" data-element_type=\"container\" data-e-type=\"container\">\n\t\t\t\t\t<div class=\"e-con-inner\">\n\t\t\t\t<div class=\"elementor-element elementor-element-79ed9c6 elementor-widget elementor-widget-heading\" data-id=\"79ed9c6\" data-element_type=\"widget\" data-e-type=\"widget\" data-widget_type=\"heading.default\">\n\t\t\t\t<div class=\"elementor-widget-container\">\n\t\t\t\t\t<h1 class=\"elementor-heading-title elementor-size-default\">Pol\u00edtica de Privacidad de GalloPlay<\/h1>\t\t\t\t<\/div>\n\t\t\t\t<\/div>\n\t\t\t\t<div class=\"elementor-element elementor-element-115aaf8 elementor-widget elementor-widget-text-editor\" data-id=\"115aaf8\" data-element_type=\"widget\" data-e-type=\"widget\" data-widget_type=\"text-editor.default\">\n\t\t\t\t<div class=\"elementor-widget-container\">\n\t\t\t\t\t\t\t\t\t<p>En GalloPlay, la seguridad y privacidad de nuestros clientes es nuestra m\u00e1xima prioridad. Estamos profundamente comprometidos con la protecci\u00f3n de su informaci\u00f3n personal y la utilizamos exclusivamente para mejorar su experiencia de juego y ofrecerle servicios de primera calidad.<\/p><h2>Uso de Informaci\u00f3n Personal<\/h2><p>Su informaci\u00f3n personal se recopila con el fin de proporcionarle acceso ininterrumpido a nuestros juegos, informarle sobre los \u00faltimos premios, anuncios de ganadores, jackpots, promociones exclusivas, lanzamientos de nuevos juegos y otras noticias de su inter\u00e9s. Adem\u00e1s, utilizamos estos datos para mejorar continuamente la satisfacci\u00f3n de nuestros clientes y desarrollar juegos innovadores que cumplan con sus expectativas y preferencias.<\/p><h2>Cookies y Tecnolog\u00eda de Seguimiento<\/h2><p>Empleamos tecnolog\u00edas como las cookies para identificar su dispositivo en visitas futuras, lo que nos permite personalizar su experiencia de juego recordando sus preferencias y visitas anteriores. Usted tiene la libertad de modificar la configuraci\u00f3n de cookies en su navegador en cualquier momento.<\/p><h2>Derechos de los Usuarios<\/h2><p>Como usuario de GalloPlay, tiene el derecho de solicitar en cualquier momento la eliminaci\u00f3n de sus datos personales de nuestras bases de datos o revocar el consentimiento previamente otorgado para su tratamiento. Para ejercer este derecho, deber\u00e1 presentar una solicitud formal de revocatoria. Cabe mencionar que la solicitud de eliminaci\u00f3n de datos o revocaci\u00f3n del consentimiento no ser\u00e1 efectiva si existe una obligaci\u00f3n legal o contractual que requiera mantener sus datos en nuestras bases, as\u00ed como en casos de apuestas activas o retiros pendientes. La eliminaci\u00f3n de sus datos resultar\u00e1 en la terminaci\u00f3n de su cuenta en GalloPlay.<\/p><p>Nos comprometemos a eliminar su informaci\u00f3n personal de nuestras bases de datos dentro de un plazo m\u00e1ximo de treinta (30) d\u00edas calendario tras recibir su solicitud a trav\u00e9s de los medios que GalloPlay haya dispuesto para tal fin.<\/p>\t\t\t\t\t\t\t\t<\/div>\n\t\t\t\t<\/div>\n\t\t\t\t\t<\/div>\n\t\t\t\t<\/div>\n\t\t\t\t<\/div>\n\t\t","protected":false},"excerpt":{"rendered":"<p>Pol\u00edtica de Privacidad de GalloPlay En GalloPlay, la seguridad y privacidad de nuestros clientes es nuestra m\u00e1xima prioridad. Estamos profundamente comprometidos con la protecci\u00f3n de su informaci\u00f3n personal y la utilizamos exclusivamente para mejorar su experiencia de juego y ofrecerle servicios de primera calidad. Uso de Informaci\u00f3n Personal Su informaci\u00f3n personal se recopila con el [&hellip;]<\/p>\n","protected":false},"author":2,"featured_media":0,"parent":0,"menu_order":0,"comment_status":"closed","ping_status":"closed","template":"","meta":{"_acf_changed":false,"_joinchat":[],"footnotes":""},"class_list":["post-114","page","type-page","status-publish","hentry"],"acf":[],"yoast_head":"<!-- This site is optimized with the Yoast SEO plugin v27.4 - https:\/\/yoast.com\/product\/yoast-seo-wordpress\/ -->\n<title>Protegemos tu informaci\u00f3n personal con estrictas pol\u00edticas<\/title>\n<meta name=\"description\" content=\"En GalloPlay, protegemos tu informaci\u00f3n personal con estrictas pol\u00edticas de privacidad\" \/>\n<meta name=\"robots\" content=\"index, follow, max-snippet:-1, max-image-preview:large, max-video-preview:-1\" \/>\n<link rel=\"canonical\" href=\"https:\/\/hopeful-hofstadter.31-220-96-92.plesk.page\/politica-de-privacidad\/\" \/>\n<meta property=\"og:locale\" content=\"es_ES\" \/>\n<meta property=\"og:type\" content=\"article\" \/>\n<meta property=\"og:title\" content=\"Protegemos tu informaci\u00f3n personal con estrictas pol\u00edticas\" \/>\n<meta property=\"og:description\" content=\"En GalloPlay, protegemos tu informaci\u00f3n personal con estrictas pol\u00edticas de privacidad\" \/>\n<meta property=\"og:url\" content=\"https:\/\/hopeful-hofstadter.31-220-96-92.plesk.page\/politica-de-privacidad\/\" \/>\n<meta property=\"og:site_name\" content=\"Gallo Play Costa Rica | Casino en L\u00ednea y Sitio de Apuestas Deportivas\" \/>\n<meta property=\"article:modified_time\" content=\"2025-05-05T22:04:17+00:00\" \/>\n<meta name=\"twitter:card\" content=\"summary_large_image\" \/>\n<meta name=\"twitter:label1\" content=\"Tiempo de lectura\" \/>\n\t<meta name=\"twitter:data1\" content=\"2 minutos\" \/>\n<script type=\"application\/ld+json\" class=\"yoast-schema-graph\">{\"@context\":\"https:\\\/\\\/schema.org\",\"@graph\":[{\"@type\":\"WebPage\",\"@id\":\"https:\\\/\\\/hopeful-hofstadter.31-220-96-92.plesk.page\\\/politica-de-privacidad\\\/\",\"url\":\"https:\\\/\\\/hopeful-hofstadter.31-220-96-92.plesk.page\\\/politica-de-privacidad\\\/\",\"name\":\"Protegemos tu informaci\u00f3n personal con estrictas pol\u00edticas\",\"isPartOf\":{\"@id\":\"https:\\\/\\\/hopeful-hofstadter.31-220-96-92.plesk.page\\\/#website\"},\"datePublished\":\"2024-01-04T15:07:00+00:00\",\"dateModified\":\"2025-05-05T22:04:17+00:00\",\"description\":\"En GalloPlay, protegemos tu informaci\u00f3n personal con estrictas pol\u00edticas de privacidad\",\"breadcrumb\":{\"@id\":\"https:\\\/\\\/hopeful-hofstadter.31-220-96-92.plesk.page\\\/politica-de-privacidad\\\/#breadcrumb\"},\"inLanguage\":\"es\",\"potentialAction\":[{\"@type\":\"ReadAction\",\"target\":[\"https:\\\/\\\/hopeful-hofstadter.31-220-96-92.plesk.page\\\/politica-de-privacidad\\\/\"]}]},{\"@type\":\"BreadcrumbList\",\"@id\":\"https:\\\/\\\/hopeful-hofstadter.31-220-96-92.plesk.page\\\/politica-de-privacidad\\\/#breadcrumb\",\"itemListElement\":[{\"@type\":\"ListItem\",\"position\":1,\"name\":\"Portada\",\"item\":\"https:\\\/\\\/hopeful-hofstadter.31-220-96-92.plesk.page\\\/\"},{\"@type\":\"ListItem\",\"position\":2,\"name\":\"Pol\u00edtica de Privacidad\"}]},{\"@type\":\"WebSite\",\"@id\":\"https:\\\/\\\/hopeful-hofstadter.31-220-96-92.plesk.page\\\/#website\",\"url\":\"https:\\\/\\\/hopeful-hofstadter.31-220-96-92.plesk.page\\\/\",\"name\":\"Galloplay.com\",\"description\":\"Vive la mejor experiencia de casino online y apuestas deportivas en Gallo Play Costa Rica. \u00a1Juega con confianza ruleta, bingo y cientos de juegos de casino!\",\"publisher\":{\"@id\":\"https:\\\/\\\/hopeful-hofstadter.31-220-96-92.plesk.page\\\/#organization\"},\"alternateName\":\"Galloplay\",\"potentialAction\":[{\"@type\":\"SearchAction\",\"target\":{\"@type\":\"EntryPoint\",\"urlTemplate\":\"https:\\\/\\\/hopeful-hofstadter.31-220-96-92.plesk.page\\\/?s={search_term_string}\"},\"query-input\":{\"@type\":\"PropertyValueSpecification\",\"valueRequired\":true,\"valueName\":\"search_term_string\"}}],\"inLanguage\":\"es\"},{\"@type\":\"Organization\",\"@id\":\"https:\\\/\\\/hopeful-hofstadter.31-220-96-92.plesk.page\\\/#organization\",\"name\":\"Galloplay.com\",\"url\":\"https:\\\/\\\/hopeful-hofstadter.31-220-96-92.plesk.page\\\/\",\"logo\":{\"@type\":\"ImageObject\",\"inLanguage\":\"es\",\"@id\":\"https:\\\/\\\/hopeful-hofstadter.31-220-96-92.plesk.page\\\/#\\\/schema\\\/logo\\\/image\\\/\",\"url\":\"https:\\\/\\\/hopeful-hofstadter.31-220-96-92.plesk.page\\\/wp-content\\\/uploads\\\/2024\\\/03\\\/logo-GalloPlay.webp\",\"contentUrl\":\"https:\\\/\\\/hopeful-hofstadter.31-220-96-92.plesk.page\\\/wp-content\\\/uploads\\\/2024\\\/03\\\/logo-GalloPlay.webp\",\"width\":920,\"height\":244,\"caption\":\"Galloplay.com\"},\"image\":{\"@id\":\"https:\\\/\\\/hopeful-hofstadter.31-220-96-92.plesk.page\\\/#\\\/schema\\\/logo\\\/image\\\/\"}}]}<\/script>\n<!-- \/ Yoast SEO plugin. -->","yoast_head_json":{"title":"Protegemos tu informaci\u00f3n personal con estrictas pol\u00edticas","description":"En GalloPlay, protegemos tu informaci\u00f3n personal con estrictas pol\u00edticas de privacidad","robots":{"index":"index","follow":"follow","max-snippet":"max-snippet:-1","max-image-preview":"max-image-preview:large","max-video-preview":"max-video-preview:-1"},"canonical":"https:\/\/hopeful-hofstadter.31-220-96-92.plesk.page\/politica-de-privacidad\/","og_locale":"es_ES","og_type":"article","og_title":"Protegemos tu informaci\u00f3n personal con estrictas pol\u00edticas","og_description":"En GalloPlay, protegemos tu informaci\u00f3n personal con estrictas pol\u00edticas de privacidad","og_url":"https:\/\/hopeful-hofstadter.31-220-96-92.plesk.page\/politica-de-privacidad\/","og_site_name":"Gallo Play Costa Rica | Casino en L\u00ednea y Sitio de Apuestas Deportivas","article_modified_time":"2025-05-05T22:04:17+00:00","twitter_card":"summary_large_image","twitter_misc":{"Tiempo de lectura":"2 minutos"},"schema":{"@context":"https:\/\/schema.org","@graph":[{"@type":"WebPage","@id":"https:\/\/hopeful-hofstadter.31-220-96-92.plesk.page\/politica-de-privacidad\/","url":"https:\/\/hopeful-hofstadter.31-220-96-92.plesk.page\/politica-de-privacidad\/","name":"Protegemos tu informaci\u00f3n personal con estrictas pol\u00edticas","isPartOf":{"@id":"https:\/\/hopeful-hofstadter.31-220-96-92.plesk.page\/#website"},"datePublished":"2024-01-04T15:07:00+00:00","dateModified":"2025-05-05T22:04:17+00:00","description":"En GalloPlay, protegemos tu informaci\u00f3n personal con estrictas pol\u00edticas de privacidad","breadcrumb":{"@id":"https:\/\/hopeful-hofstadter.31-220-96-92.plesk.page\/politica-de-privacidad\/#breadcrumb"},"inLanguage":"es","potentialAction":[{"@type":"ReadAction","target":["https:\/\/hopeful-hofstadter.31-220-96-92.plesk.page\/politica-de-privacidad\/"]}]},{"@type":"BreadcrumbList","@id":"https:\/\/hopeful-hofstadter.31-220-96-92.plesk.page\/politica-de-privacidad\/#breadcrumb","itemListElement":[{"@type":"ListItem","position":1,"name":"Portada","item":"https:\/\/hopeful-hofstadter.31-220-96-92.plesk.page\/"},{"@type":"ListItem","position":2,"name":"Pol\u00edtica de Privacidad"}]},{"@type":"WebSite","@id":"https:\/\/hopeful-hofstadter.31-220-96-92.plesk.page\/#website","url":"https:\/\/hopeful-hofstadter.31-220-96-92.plesk.page\/","name":"Galloplay.com","description":"Vive la mejor experiencia de casino online y apuestas deportivas en Gallo Play Costa Rica. \u00a1Juega con confianza ruleta, bingo y cientos de juegos de casino!","publisher":{"@id":"https:\/\/hopeful-hofstadter.31-220-96-92.plesk.page\/#organization"},"alternateName":"Galloplay","potentialAction":[{"@type":"SearchAction","target":{"@type":"EntryPoint","urlTemplate":"https:\/\/hopeful-hofstadter.31-220-96-92.plesk.page\/?s={search_term_string}"},"query-input":{"@type":"PropertyValueSpecification","valueRequired":true,"valueName":"search_term_string"}}],"inLanguage":"es"},{"@type":"Organization","@id":"https:\/\/hopeful-hofstadter.31-220-96-92.plesk.page\/#organization","name":"Galloplay.com","url":"https:\/\/hopeful-hofstadter.31-220-96-92.plesk.page\/","logo":{"@type":"ImageObject","inLanguage":"es","@id":"https:\/\/hopeful-hofstadter.31-220-96-92.plesk.page\/#\/schema\/logo\/image\/","url":"https:\/\/hopeful-hofstadter.31-220-96-92.plesk.page\/wp-content\/uploads\/2024\/03\/logo-GalloPlay.webp","contentUrl":"https:\/\/hopeful-hofstadter.31-220-96-92.plesk.page\/wp-content\/uploads\/2024\/03\/logo-GalloPlay.webp","width":920,"height":244,"caption":"Galloplay.com"},"image":{"@id":"https:\/\/hopeful-hofstadter.31-220-96-92.plesk.page\/#\/schema\/logo\/image\/"}}]}},"_links":{"self":[{"href":"https:\/\/hopeful-hofstadter.31-220-96-92.plesk.page\/index.php?rest_route=\/wp\/v2\/pages\/114","targetHints":{"allow":["GET"]}}],"collection":[{"href":"https:\/\/hopeful-hofstadter.31-220-96-92.plesk.page\/index.php?rest_route=\/wp\/v2\/pages"}],"about":[{"href":"https:\/\/hopeful-hofstadter.31-220-96-92.plesk.page\/index.php?rest_route=\/wp\/v2\/types\/page"}],"author":[{"embeddable":true,"href":"https:\/\/hopeful-hofstadter.31-220-96-92.plesk.page\/index.php?rest_route=\/wp\/v2\/users\/2"}],"replies":[{"embeddable":true,"href":"https:\/\/hopeful-hofstadter.31-220-96-92.plesk.page\/index.php?rest_route=%2Fwp%2Fv2%2Fcomments&post=114"}],"version-history":[{"count":19,"href":"https:\/\/hopeful-hofstadter.31-220-96-92.plesk.page\/index.php?rest_route=\/wp\/v2\/pages\/114\/revisions"}],"predecessor-version":[{"id":6257,"href":"https:\/\/hopeful-hofstadter.31-220-96-92.plesk.page\/index.php?rest_route=\/wp\/v2\/pages\/114\/revisions\/6257"}],"wp:attachment":[{"href":"https:\/\/hopeful-hofstadter.31-220-96-92.plesk.page\/index.php?rest_route=%2Fwp%2Fv2%2Fmedia&parent=114"}],"curies":[{"name":"wp","href":"https:\/\/api.w.org\/{rel}","templated":true}]}}