{"id":81,"date":"2024-01-04T13:15:54","date_gmt":"2024-01-04T13:15:54","guid":{"rendered":"https:\/\/hopeful-hofstadter.31-220-96-92.plesk.page\/?page_id=81"},"modified":"2025-05-05T20:16:03","modified_gmt":"2025-05-05T20:16:03","slug":"casino-en-vivo","status":"publish","type":"page","link":"https:\/\/hopeful-hofstadter.31-220-96-92.plesk.page\/?page_id=81","title":{"rendered":"Casino en vivo"},"content":{"rendered":"\t\t<div data-elementor-type=\"wp-page\" data-elementor-id=\"81\" class=\"elementor elementor-81\" data-elementor-post-type=\"page\">\n\t\t\t\t<div class=\"elementor-element elementor-element-c91bf99 e-con-full e-flex e-con e-parent\" data-id=\"c91bf99\" data-element_type=\"container\" data-e-type=\"container\">\n\t\t\t\t<div class=\"elementor-element elementor-element-f645263 elementor-widget elementor-widget-html\" data-id=\"f645263\" data-element_type=\"widget\" data-e-type=\"widget\" data-widget_type=\"html.default\">\n\t\t\t\t<div class=\"elementor-widget-container\">\n\t\t\t\t\t<iframe src=\"https:\/\/lobby.gamemecanica.net\/?token=dGVzdGxvYmJ5OnRlc3Q%3D&playerId=Mzk1NA%3D%3D&language=es&casinoClient=GALLO_PLAY_COM_LIVE\" frameborder=\"0\" width=\"100%\" height=\"3000px\"><\/iframe>\t\t\t\t<\/div>\n\t\t\t\t<\/div>\n\t\t\t\t<\/div>\n\t\t<div class=\"elementor-element elementor-element-2128790f e-flex e-con-boxed e-con e-parent\" data-id=\"2128790f\" data-element_type=\"container\" data-e-type=\"container\" data-settings=\"{&quot;background_background&quot;:&quot;classic&quot;}\">\n\t\t\t\t\t<div class=\"e-con-inner\">\n\t\t<div class=\"elementor-element elementor-element-7f242e5 e-con-full e-flex e-con e-child\" data-id=\"7f242e5\" data-element_type=\"container\" data-e-type=\"container\">\n\t\t\t\t<\/div>\n\t\t<div class=\"elementor-element elementor-element-61af76a1 e-con-full e-flex e-con e-child\" data-id=\"61af76a1\" data-element_type=\"container\" data-e-type=\"container\">\n\t\t\t\t<div class=\"elementor-element elementor-element-6dc93307 elementor-widget elementor-widget-heading\" data-id=\"6dc93307\" data-element_type=\"widget\" data-e-type=\"widget\" data-widget_type=\"heading.default\">\n\t\t\t\t<div class=\"elementor-widget-container\">\n\t\t\t\t\t<h2 class=\"elementor-heading-title elementor-size-default\">Deposita con Confianza en GalloPlay<\/h2>\t\t\t\t<\/div>\n\t\t\t\t<\/div>\n\t\t\t\t<div class=\"elementor-element elementor-element-751c076b elementor-widget elementor-widget-text-editor\" data-id=\"751c076b\" data-element_type=\"widget\" data-e-type=\"widget\" data-widget_type=\"text-editor.default\">\n\t\t\t\t<div class=\"elementor-widget-container\">\n\t\t\t\t\t\t\t\t\t<p>En GalloPlay, entendemos que la confianza es la base de una experiencia de juego excepcional. Por eso, hemos implementado sistemas de seguridad de vanguardia para proteger tus transacciones y garantizar la privacidad de tus datos. Deposita con la tranquilidad de saber que tu informaci\u00f3n est\u00e1 segura con nosotros.<\/p>\t\t\t\t\t\t\t\t<\/div>\n\t\t\t\t<\/div>\n\t\t\t\t<\/div>\n\t\t<div class=\"elementor-element elementor-element-3200fa5b e-con-full e-flex e-con e-child\" data-id=\"3200fa5b\" data-element_type=\"container\" data-e-type=\"container\">\n\t\t\t\t<\/div>\n\t\t\t\t\t<\/div>\n\t\t\t\t<\/div>\n\t\t<div class=\"elementor-element elementor-element-4a8809c3 e-flex e-con-boxed e-con e-parent\" data-id=\"4a8809c3\" data-element_type=\"container\" data-e-type=\"container\" data-settings=\"{&quot;background_background&quot;:&quot;classic&quot;}\">\n\t\t\t\t\t<div class=\"e-con-inner\">\n\t\t\t\t<div class=\"elementor-element elementor-element-15cf6955 elementor-widget elementor-widget-image-carousel\" data-id=\"15cf6955\" data-element_type=\"widget\" data-e-type=\"widget\" data-settings=\"{&quot;slides_to_show&quot;:&quot;6&quot;,&quot;navigation&quot;:&quot;none&quot;,&quot;autoplay&quot;:&quot;yes&quot;,&quot;pause_on_hover&quot;:&quot;yes&quot;,&quot;pause_on_interaction&quot;:&quot;yes&quot;,&quot;autoplay_speed&quot;:5000,&quot;infinite&quot;:&quot;yes&quot;,&quot;speed&quot;:500}\" data-widget_type=\"image-carousel.default\">\n\t\t\t\t<div class=\"elementor-widget-container\">\n\t\t\t\t\t\t\t<div class=\"elementor-image-carousel-wrapper swiper\" role=\"region\" aria-roledescription=\"carousel\" aria-label=\"Carrusel de im\u00e1genes\" dir=\"ltr\">\n\t\t\t<div class=\"elementor-image-carousel swiper-wrapper\" aria-live=\"off\">\n\t\t\t\t\t\t\t\t<div class=\"swiper-slide\" role=\"group\" aria-roledescription=\"slide\" aria-label=\"1 de 6\"><figure class=\"swiper-slide-inner\"><img decoding=\"async\" class=\"swiper-slide-image\" src=\"https:\/\/hopeful-hofstadter.31-220-96-92.plesk.page\/wp-content\/uploads\/2024\/03\/visa-logo.webp\" alt=\"visa-logo\" \/><\/figure><\/div><div class=\"swiper-slide\" role=\"group\" aria-roledescription=\"slide\" aria-label=\"2 de 6\"><figure class=\"swiper-slide-inner\"><img decoding=\"async\" class=\"swiper-slide-image\" src=\"https:\/\/hopeful-hofstadter.31-220-96-92.plesk.page\/wp-content\/uploads\/2024\/03\/teter-logo.webp\" alt=\"teter-logo\" \/><\/figure><\/div><div class=\"swiper-slide\" role=\"group\" aria-roledescription=\"slide\" aria-label=\"3 de 6\"><figure class=\"swiper-slide-inner\"><img decoding=\"async\" class=\"swiper-slide-image\" src=\"https:\/\/hopeful-hofstadter.31-220-96-92.plesk.page\/wp-content\/uploads\/2024\/03\/mastercard-logo.webp\" alt=\"mastercard-logo\" \/><\/figure><\/div><div class=\"swiper-slide\" role=\"group\" aria-roledescription=\"slide\" aria-label=\"4 de 6\"><figure class=\"swiper-slide-inner\"><img decoding=\"async\" class=\"swiper-slide-image\" src=\"https:\/\/hopeful-hofstadter.31-220-96-92.plesk.page\/wp-content\/uploads\/2024\/03\/bitcoin-logo.webp\" alt=\"bitcoin-logo\" \/><\/figure><\/div><div class=\"swiper-slide\" role=\"group\" aria-roledescription=\"slide\" aria-label=\"5 de 6\"><figure class=\"swiper-slide-inner\"><img decoding=\"async\" class=\"swiper-slide-image\" src=\"https:\/\/hopeful-hofstadter.31-220-96-92.plesk.page\/wp-content\/uploads\/2024\/05\/bank-transfer.webp\" alt=\"bank-transfer\" \/><\/figure><\/div><div class=\"swiper-slide\" role=\"group\" aria-roledescription=\"slide\" aria-label=\"6 de 6\"><figure class=\"swiper-slide-inner\"><img decoding=\"async\" class=\"swiper-slide-image\" src=\"https:\/\/hopeful-hofstadter.31-220-96-92.plesk.page\/wp-content\/uploads\/2024\/07\/LogoBlanco-e1721666535906.png\" alt=\"LogoBlanco\" \/><\/figure><\/div>\t\t\t<\/div>\n\t\t\t\t\t\t\t\n\t\t\t\t\t\t\t\t\t<\/div>\n\t\t\t\t\t\t<\/div>\n\t\t\t\t<\/div>\n\t\t\t\t\t<\/div>\n\t\t\t\t<\/div>\n\t\t<div class=\"elementor-element elementor-element-3d11e25e e-flex e-con-boxed e-con e-parent\" data-id=\"3d11e25e\" data-element_type=\"container\" data-e-type=\"container\" data-settings=\"{&quot;background_background&quot;:&quot;classic&quot;}\">\n\t\t\t\t\t<div class=\"e-con-inner\">\n\t\t<div class=\"elementor-element elementor-element-91cfad5 e-con-full e-flex e-con e-child\" data-id=\"91cfad5\" data-element_type=\"container\" data-e-type=\"container\">\n\t\t\t\t<div class=\"elementor-element elementor-element-112ebffe elementor-widget elementor-widget-image\" data-id=\"112ebffe\" data-element_type=\"widget\" data-e-type=\"widget\" data-widget_type=\"image.default\">\n\t\t\t\t<div class=\"elementor-widget-container\">\n\t\t\t\t\t\t\t\t\t\t\t\t\t\t\t<img fetchpriority=\"high\" decoding=\"async\" width=\"800\" height=\"800\" src=\"https:\/\/hopeful-hofstadter.31-220-96-92.plesk.page\/wp-content\/uploads\/2024\/04\/casino-en-vivo.webp\" class=\"attachment-large size-large wp-image-2217\" alt=\"\" srcset=\"https:\/\/hopeful-hofstadter.31-220-96-92.plesk.page\/wp-content\/uploads\/2024\/04\/casino-en-vivo.webp 875w, https:\/\/hopeful-hofstadter.31-220-96-92.plesk.page\/wp-content\/uploads\/2024\/04\/casino-en-vivo-300x300.webp 300w, https:\/\/hopeful-hofstadter.31-220-96-92.plesk.page\/wp-content\/uploads\/2024\/04\/casino-en-vivo-150x150.webp 150w, https:\/\/hopeful-hofstadter.31-220-96-92.plesk.page\/wp-content\/uploads\/2024\/04\/casino-en-vivo-768x768.webp 768w\" sizes=\"(max-width: 800px) 100vw, 800px\" \/>\t\t\t\t\t\t\t\t\t\t\t\t\t\t\t<\/div>\n\t\t\t\t<\/div>\n\t\t\t\t<\/div>\n\t\t<div class=\"elementor-element elementor-element-67d19b17 e-con-full e-flex e-con e-child\" data-id=\"67d19b17\" data-element_type=\"container\" data-e-type=\"container\">\n\t\t\t\t<div class=\"elementor-element elementor-element-19cc9332 elementor-widget elementor-widget-heading\" data-id=\"19cc9332\" data-element_type=\"widget\" data-e-type=\"widget\" data-widget_type=\"heading.default\">\n\t\t\t\t<div class=\"elementor-widget-container\">\n\t\t\t\t\t<h2 class=\"elementor-heading-title elementor-size-default\">La Experiencia m\u00e1s cercana a un Casino f\u00edsico<\/h2>\t\t\t\t<\/div>\n\t\t\t\t<\/div>\n\t\t\t\t<div class=\"elementor-element elementor-element-eaac937 elementor-widget elementor-widget-heading\" data-id=\"eaac937\" data-element_type=\"widget\" data-e-type=\"widget\" data-widget_type=\"heading.default\">\n\t\t\t\t<div class=\"elementor-widget-container\">\n\t\t\t\t\t<h1 class=\"elementor-heading-title elementor-size-default\">Descubre el Casino en L\u00ednea de GalloPlay: Emoci\u00f3n Real, Ganancias Reales<\/h1>\t\t\t\t<\/div>\n\t\t\t\t<\/div>\n\t\t\t\t<div class=\"elementor-element elementor-element-a5e50ad elementor-widget elementor-widget-text-editor\" data-id=\"a5e50ad\" data-element_type=\"widget\" data-e-type=\"widget\" data-widget_type=\"text-editor.default\">\n\t\t\t\t<div class=\"elementor-widget-container\">\n\t\t\t\t\t\t\t\t\t<p>El casino en vivo de GalloPlay te trae la emoci\u00f3n de un casino real directamente a tu pantalla. Con juegos en tiempo real y una interacci\u00f3n fluida, te ofrecemos una experiencia de juego aut\u00e9ntica y emocionante. Prep\u00e1rate para sentir la adrenalina de Las Vegas desde la comodidad de tu hogar en Costa Rica.<\/p>\t\t\t\t\t\t\t\t<\/div>\n\t\t\t\t<\/div>\n\t\t\t\t<\/div>\n\t\t\t\t\t<\/div>\n\t\t\t\t<\/div>\n\t\t\t\t<\/div>\n\t\t","protected":false},"excerpt":{"rendered":"<p>Deposita con Confianza en GalloPlay En GalloPlay, entendemos que la confianza es la base de una experiencia de juego excepcional. Por eso, hemos implementado sistemas de seguridad de vanguardia para proteger tus transacciones y garantizar la privacidad de tus datos. Deposita con la tranquilidad de saber que tu informaci\u00f3n est\u00e1 segura con nosotros. La Experiencia [&hellip;]<\/p>\n","protected":false},"author":2,"featured_media":0,"parent":0,"menu_order":0,"comment_status":"closed","ping_status":"closed","template":"","meta":{"_acf_changed":false,"_joinchat":[],"footnotes":""},"class_list":["post-81","page","type-page","status-publish","hentry"],"acf":[],"yoast_head":"<!-- This site is optimized with the Yoast SEO plugin v27.4 - https:\/\/yoast.com\/product\/yoast-seo-wordpress\/ -->\n<title>casino en vivo<\/title>\n<meta name=\"description\" content=\"Sum\u00e9rgete en la acci\u00f3n del casino en vivo con GalloPlay, donde te esperan crupieres reales, juegos en tiempo real y una experiencia \u00fanica sin salir de casa. \u00a1Vive la emoci\u00f3n como si estuvieras en Las Vegas!\" \/>\n<meta name=\"robots\" content=\"index, follow, max-snippet:-1, max-image-preview:large, max-video-preview:-1\" \/>\n<link rel=\"canonical\" href=\"https:\/\/hopeful-hofstadter.31-220-96-92.plesk.page\/casino-en-vivo\/\" \/>\n<meta property=\"og:locale\" content=\"es_ES\" \/>\n<meta property=\"og:type\" content=\"article\" \/>\n<meta property=\"og:title\" content=\"casino en vivo\" \/>\n<meta property=\"og:description\" content=\"Sum\u00e9rgete en la acci\u00f3n del casino en vivo con GalloPlay, donde te esperan crupieres reales, juegos en tiempo real y una experiencia \u00fanica sin salir de casa. \u00a1Vive la emoci\u00f3n como si estuvieras en Las Vegas!\" \/>\n<meta property=\"og:url\" content=\"https:\/\/hopeful-hofstadter.31-220-96-92.plesk.page\/casino-en-vivo\/\" \/>\n<meta property=\"og:site_name\" content=\"Gallo Play Costa Rica | Casino en L\u00ednea y Sitio de Apuestas Deportivas\" \/>\n<meta property=\"article:modified_time\" content=\"2025-05-05T20:16:03+00:00\" \/>\n<meta property=\"og:image\" content=\"https:\/\/hopeful-hofstadter.31-220-96-92.plesk.page\/wp-content\/uploads\/2024\/03\/visa-logo.webp\" \/>\n<meta name=\"twitter:card\" content=\"summary_large_image\" \/>\n<meta name=\"twitter:label1\" content=\"Tiempo de lectura\" \/>\n\t<meta name=\"twitter:data1\" content=\"2 minutos\" \/>\n<script type=\"application\/ld+json\" class=\"yoast-schema-graph\">{\"@context\":\"https:\\\/\\\/schema.org\",\"@graph\":[{\"@type\":\"WebPage\",\"@id\":\"https:\\\/\\\/hopeful-hofstadter.31-220-96-92.plesk.page\\\/casino-en-vivo\\\/\",\"url\":\"https:\\\/\\\/hopeful-hofstadter.31-220-96-92.plesk.page\\\/casino-en-vivo\\\/\",\"name\":\"casino en vivo\",\"isPartOf\":{\"@id\":\"https:\\\/\\\/hopeful-hofstadter.31-220-96-92.plesk.page\\\/#website\"},\"primaryImageOfPage\":{\"@id\":\"https:\\\/\\\/hopeful-hofstadter.31-220-96-92.plesk.page\\\/casino-en-vivo\\\/#primaryimage\"},\"image\":{\"@id\":\"https:\\\/\\\/hopeful-hofstadter.31-220-96-92.plesk.page\\\/casino-en-vivo\\\/#primaryimage\"},\"thumbnailUrl\":\"https:\\\/\\\/hopeful-hofstadter.31-220-96-92.plesk.page\\\/wp-content\\\/uploads\\\/2024\\\/03\\\/visa-logo.webp\",\"datePublished\":\"2024-01-04T13:15:54+00:00\",\"dateModified\":\"2025-05-05T20:16:03+00:00\",\"description\":\"Sum\u00e9rgete en la acci\u00f3n del casino en vivo con GalloPlay, donde te esperan crupieres reales, juegos en tiempo real y una experiencia \u00fanica sin salir de casa. \u00a1Vive la emoci\u00f3n como si estuvieras en Las Vegas!\",\"breadcrumb\":{\"@id\":\"https:\\\/\\\/hopeful-hofstadter.31-220-96-92.plesk.page\\\/casino-en-vivo\\\/#breadcrumb\"},\"inLanguage\":\"es\",\"potentialAction\":[{\"@type\":\"ReadAction\",\"target\":[\"https:\\\/\\\/hopeful-hofstadter.31-220-96-92.plesk.page\\\/casino-en-vivo\\\/\"]}]},{\"@type\":\"ImageObject\",\"inLanguage\":\"es\",\"@id\":\"https:\\\/\\\/hopeful-hofstadter.31-220-96-92.plesk.page\\\/casino-en-vivo\\\/#primaryimage\",\"url\":\"https:\\\/\\\/hopeful-hofstadter.31-220-96-92.plesk.page\\\/wp-content\\\/uploads\\\/2024\\\/03\\\/visa-logo.webp\",\"contentUrl\":\"https:\\\/\\\/hopeful-hofstadter.31-220-96-92.plesk.page\\\/wp-content\\\/uploads\\\/2024\\\/03\\\/visa-logo.webp\",\"width\":400,\"height\":250},{\"@type\":\"BreadcrumbList\",\"@id\":\"https:\\\/\\\/hopeful-hofstadter.31-220-96-92.plesk.page\\\/casino-en-vivo\\\/#breadcrumb\",\"itemListElement\":[{\"@type\":\"ListItem\",\"position\":1,\"name\":\"Portada\",\"item\":\"https:\\\/\\\/hopeful-hofstadter.31-220-96-92.plesk.page\\\/\"},{\"@type\":\"ListItem\",\"position\":2,\"name\":\"Casino en vivo\"}]},{\"@type\":\"WebSite\",\"@id\":\"https:\\\/\\\/hopeful-hofstadter.31-220-96-92.plesk.page\\\/#website\",\"url\":\"https:\\\/\\\/hopeful-hofstadter.31-220-96-92.plesk.page\\\/\",\"name\":\"Galloplay.com\",\"description\":\"Vive la mejor experiencia de casino online y apuestas deportivas en Gallo Play Costa Rica. \u00a1Juega con confianza ruleta, bingo y cientos de juegos de casino!\",\"publisher\":{\"@id\":\"https:\\\/\\\/hopeful-hofstadter.31-220-96-92.plesk.page\\\/#organization\"},\"alternateName\":\"Galloplay\",\"potentialAction\":[{\"@type\":\"SearchAction\",\"target\":{\"@type\":\"EntryPoint\",\"urlTemplate\":\"https:\\\/\\\/hopeful-hofstadter.31-220-96-92.plesk.page\\\/?s={search_term_string}\"},\"query-input\":{\"@type\":\"PropertyValueSpecification\",\"valueRequired\":true,\"valueName\":\"search_term_string\"}}],\"inLanguage\":\"es\"},{\"@type\":\"Organization\",\"@id\":\"https:\\\/\\\/hopeful-hofstadter.31-220-96-92.plesk.page\\\/#organization\",\"name\":\"Galloplay.com\",\"url\":\"https:\\\/\\\/hopeful-hofstadter.31-220-96-92.plesk.page\\\/\",\"logo\":{\"@type\":\"ImageObject\",\"inLanguage\":\"es\",\"@id\":\"https:\\\/\\\/hopeful-hofstadter.31-220-96-92.plesk.page\\\/#\\\/schema\\\/logo\\\/image\\\/\",\"url\":\"https:\\\/\\\/hopeful-hofstadter.31-220-96-92.plesk.page\\\/wp-content\\\/uploads\\\/2024\\\/03\\\/logo-GalloPlay.webp\",\"contentUrl\":\"https:\\\/\\\/hopeful-hofstadter.31-220-96-92.plesk.page\\\/wp-content\\\/uploads\\\/2024\\\/03\\\/logo-GalloPlay.webp\",\"width\":920,\"height\":244,\"caption\":\"Galloplay.com\"},\"image\":{\"@id\":\"https:\\\/\\\/hopeful-hofstadter.31-220-96-92.plesk.page\\\/#\\\/schema\\\/logo\\\/image\\\/\"}}]}<\/script>\n<!-- \/ Yoast SEO plugin. -->","yoast_head_json":{"title":"casino en vivo","description":"Sum\u00e9rgete en la acci\u00f3n del casino en vivo con GalloPlay, donde te esperan crupieres reales, juegos en tiempo real y una experiencia \u00fanica sin salir de casa. \u00a1Vive la emoci\u00f3n como si estuvieras en Las Vegas!","robots":{"index":"index","follow":"follow","max-snippet":"max-snippet:-1","max-image-preview":"max-image-preview:large","max-video-preview":"max-video-preview:-1"},"canonical":"https:\/\/hopeful-hofstadter.31-220-96-92.plesk.page\/casino-en-vivo\/","og_locale":"es_ES","og_type":"article","og_title":"casino en vivo","og_description":"Sum\u00e9rgete en la acci\u00f3n del casino en vivo con GalloPlay, donde te esperan crupieres reales, juegos en tiempo real y una experiencia \u00fanica sin salir de casa. \u00a1Vive la emoci\u00f3n como si estuvieras en Las Vegas!","og_url":"https:\/\/hopeful-hofstadter.31-220-96-92.plesk.page\/casino-en-vivo\/","og_site_name":"Gallo Play Costa Rica | Casino en L\u00ednea y Sitio de Apuestas Deportivas","article_modified_time":"2025-05-05T20:16:03+00:00","og_image":[{"url":"https:\/\/hopeful-hofstadter.31-220-96-92.plesk.page\/wp-content\/uploads\/2024\/03\/visa-logo.webp","type":"","width":"","height":""}],"twitter_card":"summary_large_image","twitter_misc":{"Tiempo de lectura":"2 minutos"},"schema":{"@context":"https:\/\/schema.org","@graph":[{"@type":"WebPage","@id":"https:\/\/hopeful-hofstadter.31-220-96-92.plesk.page\/casino-en-vivo\/","url":"https:\/\/hopeful-hofstadter.31-220-96-92.plesk.page\/casino-en-vivo\/","name":"casino en vivo","isPartOf":{"@id":"https:\/\/hopeful-hofstadter.31-220-96-92.plesk.page\/#website"},"primaryImageOfPage":{"@id":"https:\/\/hopeful-hofstadter.31-220-96-92.plesk.page\/casino-en-vivo\/#primaryimage"},"image":{"@id":"https:\/\/hopeful-hofstadter.31-220-96-92.plesk.page\/casino-en-vivo\/#primaryimage"},"thumbnailUrl":"https:\/\/hopeful-hofstadter.31-220-96-92.plesk.page\/wp-content\/uploads\/2024\/03\/visa-logo.webp","datePublished":"2024-01-04T13:15:54+00:00","dateModified":"2025-05-05T20:16:03+00:00","description":"Sum\u00e9rgete en la acci\u00f3n del casino en vivo con GalloPlay, donde te esperan crupieres reales, juegos en tiempo real y una experiencia \u00fanica sin salir de casa. \u00a1Vive la emoci\u00f3n como si estuvieras en Las Vegas!","breadcrumb":{"@id":"https:\/\/hopeful-hofstadter.31-220-96-92.plesk.page\/casino-en-vivo\/#breadcrumb"},"inLanguage":"es","potentialAction":[{"@type":"ReadAction","target":["https:\/\/hopeful-hofstadter.31-220-96-92.plesk.page\/casino-en-vivo\/"]}]},{"@type":"ImageObject","inLanguage":"es","@id":"https:\/\/hopeful-hofstadter.31-220-96-92.plesk.page\/casino-en-vivo\/#primaryimage","url":"https:\/\/hopeful-hofstadter.31-220-96-92.plesk.page\/wp-content\/uploads\/2024\/03\/visa-logo.webp","contentUrl":"https:\/\/hopeful-hofstadter.31-220-96-92.plesk.page\/wp-content\/uploads\/2024\/03\/visa-logo.webp","width":400,"height":250},{"@type":"BreadcrumbList","@id":"https:\/\/hopeful-hofstadter.31-220-96-92.plesk.page\/casino-en-vivo\/#breadcrumb","itemListElement":[{"@type":"ListItem","position":1,"name":"Portada","item":"https:\/\/hopeful-hofstadter.31-220-96-92.plesk.page\/"},{"@type":"ListItem","position":2,"name":"Casino en vivo"}]},{"@type":"WebSite","@id":"https:\/\/hopeful-hofstadter.31-220-96-92.plesk.page\/#website","url":"https:\/\/hopeful-hofstadter.31-220-96-92.plesk.page\/","name":"Galloplay.com","description":"Vive la mejor experiencia de casino online y apuestas deportivas en Gallo Play Costa Rica. \u00a1Juega con confianza ruleta, bingo y cientos de juegos de casino!","publisher":{"@id":"https:\/\/hopeful-hofstadter.31-220-96-92.plesk.page\/#organization"},"alternateName":"Galloplay","potentialAction":[{"@type":"SearchAction","target":{"@type":"EntryPoint","urlTemplate":"https:\/\/hopeful-hofstadter.31-220-96-92.plesk.page\/?s={search_term_string}"},"query-input":{"@type":"PropertyValueSpecification","valueRequired":true,"valueName":"search_term_string"}}],"inLanguage":"es"},{"@type":"Organization","@id":"https:\/\/hopeful-hofstadter.31-220-96-92.plesk.page\/#organization","name":"Galloplay.com","url":"https:\/\/hopeful-hofstadter.31-220-96-92.plesk.page\/","logo":{"@type":"ImageObject","inLanguage":"es","@id":"https:\/\/hopeful-hofstadter.31-220-96-92.plesk.page\/#\/schema\/logo\/image\/","url":"https:\/\/hopeful-hofstadter.31-220-96-92.plesk.page\/wp-content\/uploads\/2024\/03\/logo-GalloPlay.webp","contentUrl":"https:\/\/hopeful-hofstadter.31-220-96-92.plesk.page\/wp-content\/uploads\/2024\/03\/logo-GalloPlay.webp","width":920,"height":244,"caption":"Galloplay.com"},"image":{"@id":"https:\/\/hopeful-hofstadter.31-220-96-92.plesk.page\/#\/schema\/logo\/image\/"}}]}},"_links":{"self":[{"href":"https:\/\/hopeful-hofstadter.31-220-96-92.plesk.page\/index.php?rest_route=\/wp\/v2\/pages\/81","targetHints":{"allow":["GET"]}}],"collection":[{"href":"https:\/\/hopeful-hofstadter.31-220-96-92.plesk.page\/index.php?rest_route=\/wp\/v2\/pages"}],"about":[{"href":"https:\/\/hopeful-hofstadter.31-220-96-92.plesk.page\/index.php?rest_route=\/wp\/v2\/types\/page"}],"author":[{"embeddable":true,"href":"https:\/\/hopeful-hofstadter.31-220-96-92.plesk.page\/index.php?rest_route=\/wp\/v2\/users\/2"}],"replies":[{"embeddable":true,"href":"https:\/\/hopeful-hofstadter.31-220-96-92.plesk.page\/index.php?rest_route=%2Fwp%2Fv2%2Fcomments&post=81"}],"version-history":[{"count":70,"href":"https:\/\/hopeful-hofstadter.31-220-96-92.plesk.page\/index.php?rest_route=\/wp\/v2\/pages\/81\/revisions"}],"predecessor-version":[{"id":6226,"href":"https:\/\/hopeful-hofstadter.31-220-96-92.plesk.page\/index.php?rest_route=\/wp\/v2\/pages\/81\/revisions\/6226"}],"wp:attachment":[{"href":"https:\/\/hopeful-hofstadter.31-220-96-92.plesk.page\/index.php?rest_route=%2Fwp%2Fv2%2Fmedia&parent=81"}],"curies":[{"name":"wp","href":"https:\/\/api.w.org\/{rel}","templated":true}]}}