{"id":97,"date":"2024-01-04T14:55:45","date_gmt":"2024-01-04T14:55:45","guid":{"rendered":"https:\/\/hopeful-hofstadter.31-220-96-92.plesk.page\/?page_id=97"},"modified":"2025-05-05T22:41:55","modified_gmt":"2025-05-05T22:41:55","slug":"sobre-nosotros","status":"publish","type":"page","link":"https:\/\/hopeful-hofstadter.31-220-96-92.plesk.page\/?page_id=97","title":{"rendered":"Sobre Nosotros"},"content":{"rendered":"\t\t<div data-elementor-type=\"wp-page\" data-elementor-id=\"97\" class=\"elementor elementor-97\" data-elementor-post-type=\"page\">\n\t\t\t\t<div class=\"elementor-element elementor-element-2c84398 e-flex e-con-boxed e-con e-parent\" data-id=\"2c84398\" data-element_type=\"container\" data-e-type=\"container\">\n\t\t\t\t\t<div class=\"e-con-inner\">\n\t\t\t\t\t<\/div>\n\t\t\t\t<\/div>\n\t\t<div class=\"elementor-element elementor-element-6ce2d75 e-flex e-con-boxed e-con e-parent\" data-id=\"6ce2d75\" data-element_type=\"container\" data-e-type=\"container\">\n\t\t\t\t\t<div class=\"e-con-inner\">\n\t\t\t\t<div class=\"elementor-element elementor-element-4995b08 elementor-widget-divider--view-line elementor-widget elementor-widget-divider\" data-id=\"4995b08\" data-element_type=\"widget\" data-e-type=\"widget\" data-widget_type=\"divider.default\">\n\t\t\t\t<div class=\"elementor-widget-container\">\n\t\t\t\t\t\t\t<div class=\"elementor-divider\">\n\t\t\t<span class=\"elementor-divider-separator\">\n\t\t\t\t\t\t<\/span>\n\t\t<\/div>\n\t\t\t\t\t\t<\/div>\n\t\t\t\t<\/div>\n\t\t\t\t\t<\/div>\n\t\t\t\t<\/div>\n\t\t<div class=\"elementor-element elementor-element-c65ca60 e-flex e-con-boxed e-con e-parent\" data-id=\"c65ca60\" data-element_type=\"container\" data-e-type=\"container\">\n\t\t\t\t\t<div class=\"e-con-inner\">\n\t\t<div class=\"elementor-element elementor-element-6ec1c20 e-con-full e-flex e-con e-child\" data-id=\"6ec1c20\" data-element_type=\"container\" data-e-type=\"container\">\n\t\t\t\t<div class=\"elementor-element elementor-element-d2b2301 elementor-widget elementor-widget-image\" data-id=\"d2b2301\" data-element_type=\"widget\" data-e-type=\"widget\" data-widget_type=\"image.default\">\n\t\t\t\t<div class=\"elementor-widget-container\">\n\t\t\t\t\t\t\t\t\t\t\t\t\t\t\t<img fetchpriority=\"high\" decoding=\"async\" width=\"512\" height=\"512\" src=\"https:\/\/hopeful-hofstadter.31-220-96-92.plesk.page\/wp-content\/uploads\/2024\/03\/cropped-galloplay-favicon.webp\" class=\"attachment-large size-large wp-image-1363\" alt=\"\" srcset=\"https:\/\/hopeful-hofstadter.31-220-96-92.plesk.page\/wp-content\/uploads\/2024\/03\/cropped-galloplay-favicon.webp 512w, https:\/\/hopeful-hofstadter.31-220-96-92.plesk.page\/wp-content\/uploads\/2024\/03\/cropped-galloplay-favicon-300x300.webp 300w, https:\/\/hopeful-hofstadter.31-220-96-92.plesk.page\/wp-content\/uploads\/2024\/03\/cropped-galloplay-favicon-150x150.webp 150w, https:\/\/hopeful-hofstadter.31-220-96-92.plesk.page\/wp-content\/uploads\/2024\/03\/cropped-galloplay-favicon-270x270.webp 270w, https:\/\/hopeful-hofstadter.31-220-96-92.plesk.page\/wp-content\/uploads\/2024\/03\/cropped-galloplay-favicon-192x192.webp 192w, https:\/\/hopeful-hofstadter.31-220-96-92.plesk.page\/wp-content\/uploads\/2024\/03\/cropped-galloplay-favicon-180x180.webp 180w, https:\/\/hopeful-hofstadter.31-220-96-92.plesk.page\/wp-content\/uploads\/2024\/03\/cropped-galloplay-favicon-32x32.webp 32w\" sizes=\"(max-width: 512px) 100vw, 512px\" \/>\t\t\t\t\t\t\t\t\t\t\t\t\t\t\t<\/div>\n\t\t\t\t<\/div>\n\t\t\t\t<\/div>\n\t\t<div class=\"elementor-element elementor-element-b7d8783 e-con-full e-flex e-con e-child\" data-id=\"b7d8783\" data-element_type=\"container\" data-e-type=\"container\">\n\t\t<div class=\"elementor-element elementor-element-555d531 e-con-full e-flex e-con e-child\" data-id=\"555d531\" data-element_type=\"container\" data-e-type=\"container\">\n\t\t\t\t<div class=\"elementor-element elementor-element-ece304c elementor-widget elementor-widget-text-editor\" data-id=\"ece304c\" data-element_type=\"widget\" data-e-type=\"widget\" data-widget_type=\"text-editor.default\">\n\t\t\t\t<div class=\"elementor-widget-container\">\n\t\t\t\t\t\t\t\t\t<h1 style=\"text-align: center;\"><strong>Bienvenido a GalloPlay<\/strong><\/h1>\t\t\t\t\t\t\t\t<\/div>\n\t\t\t\t<\/div>\n\t\t\t\t<\/div>\n\t\t<div class=\"elementor-element elementor-element-276d618 e-con-full e-flex e-con e-child\" data-id=\"276d618\" data-element_type=\"container\" data-e-type=\"container\">\n\t\t\t\t<div class=\"elementor-element elementor-element-c877dc7 elementor-widget elementor-widget-text-editor\" data-id=\"c877dc7\" data-element_type=\"widget\" data-e-type=\"widget\" data-widget_type=\"text-editor.default\">\n\t\t\t\t<div class=\"elementor-widget-container\">\n\t\t\t\t\t\t\t\t\t<h3 style=\"text-align: center;\">La plataforma de juegos, apuestas de casino y deportes en l\u00ednea\u200b<\/h3>\t\t\t\t\t\t\t\t<\/div>\n\t\t\t\t<\/div>\n\t\t<div class=\"elementor-element elementor-element-3153442 e-con-full e-flex e-con e-child\" data-id=\"3153442\" data-element_type=\"container\" data-e-type=\"container\">\n\t\t\t\t<div class=\"elementor-element elementor-element-0c6249e elementor-widget elementor-widget-text-editor\" data-id=\"0c6249e\" data-element_type=\"widget\" data-e-type=\"widget\" data-widget_type=\"text-editor.default\">\n\t\t\t\t<div class=\"elementor-widget-container\">\n\t\t\t\t\t\t\t\t\t<h6 style=\"text-align: center;\"><strong>GalloPlay<\/strong> tiene sus ra\u00edces en m\u00e1s de 20 a\u00f1os de experiencia en la industria del entretenimiento y el juego en Costa Rica, respaldado por casinos f\u00edsicos en diferentes lugares del pa\u00eds.<\/h6><h6 style=\"text-align: center;\">Nuestro viaje comenz\u00f3 con la visi\u00f3n de trasladar la vibrante atm\u00f3sfera de los casinos tradicionales al espacio digital, ofreciendo una plataforma tanto segura como accesible que refleja la confianza y calidad de nuestros establecimientos f\u00edsicos.<\/h6><h6 style=\"text-align: center;\">\u00a0<\/h6>\t\t\t\t\t\t\t\t<\/div>\n\t\t\t\t<\/div>\n\t\t\t\t<\/div>\n\t\t\t\t<\/div>\n\t\t\t\t<\/div>\n\t\t\t\t\t<\/div>\n\t\t\t\t<\/div>\n\t\t<div class=\"elementor-element elementor-element-1a2c7d4 e-con-full e-flex e-con e-parent\" data-id=\"1a2c7d4\" data-element_type=\"container\" data-e-type=\"container\">\n\t\t<div class=\"elementor-element elementor-element-d31f2e5 e-con-full e-flex e-con e-child\" data-id=\"d31f2e5\" data-element_type=\"container\" data-e-type=\"container\">\n\t\t\t\t<div class=\"elementor-element elementor-element-7a651ec elementor-widget__width-initial elementor-widget-mobile__width-initial elementor-widget elementor-widget-text-editor\" data-id=\"7a651ec\" data-element_type=\"widget\" data-e-type=\"widget\" data-widget_type=\"text-editor.default\">\n\t\t\t\t<div class=\"elementor-widget-container\">\n\t\t\t\t\t\t\t\t\t<h2 class=\"elementor-heading-title elementor-size-default elementor-inline-editing pen\" style=\"font-weight: 600; color: #ffffff;\" data-elementor-setting-key=\"title\" data-pen-placeholder=\"Teclea aqu\u00ed...\">Misi\u00f3n<\/h2><div>\u00a0<\/div><div>\u00a0<\/div><p>En GalloPlay, ofrecemos entretenimiento de casino en l\u00ednea que refleja la emoci\u00f3n y confianza de nuestros casinos f\u00edsicos en Costa Rica. Nos proponemos liderar la industria de apuestas digitales con innovaci\u00f3n, garantizando un juego seguro y accesible que supere las expectativas de nuestros clientes.<\/p>\t\t\t\t\t\t\t\t<\/div>\n\t\t\t\t<\/div>\n\t\t\t\t<\/div>\n\t\t\t\t<div class=\"elementor-element elementor-element-7915c5b elementor-widget__width-initial elementor-widget-mobile__width-initial elementor-widget elementor-widget-text-editor\" data-id=\"7915c5b\" data-element_type=\"widget\" data-e-type=\"widget\" data-widget_type=\"text-editor.default\">\n\t\t\t\t<div class=\"elementor-widget-container\">\n\t\t\t\t\t\t\t\t\t<h2 style=\"font-weight: 600; color: #ffffff; text-align: center;\" data-elementor-setting-key=\"title\" data-pen-placeholder=\"Teclea aqu\u00ed...\">Visi\u00f3n<\/h2><div style=\"text-align: center;\">\u00a0<\/div><p style=\"text-align: center;\">Ser la plataforma de apuestas digitales m\u00e1s confiable y reconocida, transformando la experiencia de juego en l\u00ednea con integridad e innovaci\u00f3n. Nos comprometemos a ofrecer experiencias que inspiren, apasionen y promuevan el juego responsable.<\/p>\t\t\t\t\t\t\t\t<\/div>\n\t\t\t\t<\/div>\n\t\t\t\t<\/div>\n\t\t<div class=\"elementor-element elementor-element-19efd84 e-flex e-con-boxed e-con e-parent\" data-id=\"19efd84\" data-element_type=\"container\" data-e-type=\"container\">\n\t\t\t\t\t<div class=\"e-con-inner\">\n\t\t\t\t<div class=\"elementor-element elementor-element-94528ea elementor-widget elementor-widget-heading\" data-id=\"94528ea\" data-element_type=\"widget\" data-e-type=\"widget\" data-widget_type=\"heading.default\">\n\t\t\t\t<div class=\"elementor-widget-container\">\n\t\t\t\t\t<h2 class=\"elementor-heading-title elementor-size-default\">Valores<\/h2>\t\t\t\t<\/div>\n\t\t\t\t<\/div>\n\t\t\t\t\t<\/div>\n\t\t\t\t<\/div>\n\t\t<div class=\"elementor-element elementor-element-600892f e-flex e-con-boxed e-con e-parent\" data-id=\"600892f\" data-element_type=\"container\" data-e-type=\"container\">\n\t\t\t\t\t<div class=\"e-con-inner\">\n\t\t<div class=\"elementor-element elementor-element-127707a e-con-full e-flex e-con e-child\" data-id=\"127707a\" data-element_type=\"container\" data-e-type=\"container\">\n\t\t\t\t<div class=\"elementor-element elementor-element-734f7ec elementor-widget elementor-widget-heading\" data-id=\"734f7ec\" data-element_type=\"widget\" data-e-type=\"widget\" data-widget_type=\"heading.default\">\n\t\t\t\t<div class=\"elementor-widget-container\">\n\t\t\t\t\t<h3 class=\"elementor-heading-title elementor-size-default\">Integridad<\/h3>\t\t\t\t<\/div>\n\t\t\t\t<\/div>\n\t\t\t\t<div class=\"elementor-element elementor-element-7bd03f0 elementor-widget elementor-widget-text-editor\" data-id=\"7bd03f0\" data-element_type=\"widget\" data-e-type=\"widget\" data-widget_type=\"text-editor.default\">\n\t\t\t\t<div class=\"elementor-widget-container\">\n\t\t\t\t\t\t\t\t\t<p style=\"text-align: center;\">Nos gu\u00eda la honestidad, transparencia y responsabilidad en todas nuestras operaciones y relaciones.<\/p>\t\t\t\t\t\t\t\t<\/div>\n\t\t\t\t<\/div>\n\t\t\t\t<\/div>\n\t\t<div class=\"elementor-element elementor-element-64aa562 e-con-full e-flex e-con e-child\" data-id=\"64aa562\" data-element_type=\"container\" data-e-type=\"container\">\n\t\t\t\t<div class=\"elementor-element elementor-element-8880de6 elementor-widget elementor-widget-heading\" data-id=\"8880de6\" data-element_type=\"widget\" data-e-type=\"widget\" data-widget_type=\"heading.default\">\n\t\t\t\t<div class=\"elementor-widget-container\">\n\t\t\t\t\t<h3 class=\"elementor-heading-title elementor-size-default\">Innovaci\u00f3n<\/h3>\t\t\t\t<\/div>\n\t\t\t\t<\/div>\n\t\t\t\t<div class=\"elementor-element elementor-element-a1c1f18 elementor-widget elementor-widget-text-editor\" data-id=\"a1c1f18\" data-element_type=\"widget\" data-e-type=\"widget\" data-widget_type=\"text-editor.default\">\n\t\t\t\t<div class=\"elementor-widget-container\">\n\t\t\t\t\t\t\t\t\t<p style=\"text-align: center;\">Nos dedicamos a la mejora continua y a la innovaci\u00f3n en nuestra gama de productos y servicios para permanecer a la vanguardia del sector.<\/p>\t\t\t\t\t\t\t\t<\/div>\n\t\t\t\t<\/div>\n\t\t\t\t<\/div>\n\t\t<div class=\"elementor-element elementor-element-5729424 e-con-full e-flex e-con e-child\" data-id=\"5729424\" data-element_type=\"container\" data-e-type=\"container\">\n\t\t\t\t<div class=\"elementor-element elementor-element-e1218bc elementor-widget elementor-widget-heading\" data-id=\"e1218bc\" data-element_type=\"widget\" data-e-type=\"widget\" data-widget_type=\"heading.default\">\n\t\t\t\t<div class=\"elementor-widget-container\">\n\t\t\t\t\t<h3 class=\"elementor-heading-title elementor-size-default\">Pasi\u00f3n por el Entretenimiento<\/h3>\t\t\t\t<\/div>\n\t\t\t\t<\/div>\n\t\t\t\t<div class=\"elementor-element elementor-element-0e67163 elementor-widget elementor-widget-text-editor\" data-id=\"0e67163\" data-element_type=\"widget\" data-e-type=\"widget\" data-widget_type=\"text-editor.default\">\n\t\t\t\t<div class=\"elementor-widget-container\">\n\t\t\t\t\t\t\t\t\t<p style=\"text-align: center;\">Estamos dedicados a ofrecer entretenimiento de alta calidad que inspire y entusiasme a nuestros usuarios.<\/p>\t\t\t\t\t\t\t\t<\/div>\n\t\t\t\t<\/div>\n\t\t\t\t<\/div>\n\t\t<div class=\"elementor-element elementor-element-f383998 e-con-full e-flex e-con e-child\" data-id=\"f383998\" data-element_type=\"container\" data-e-type=\"container\">\n\t\t\t\t<div class=\"elementor-element elementor-element-8d2eb9a elementor-widget elementor-widget-heading\" data-id=\"8d2eb9a\" data-element_type=\"widget\" data-e-type=\"widget\" data-widget_type=\"heading.default\">\n\t\t\t\t<div class=\"elementor-widget-container\">\n\t\t\t\t\t<h3 class=\"elementor-heading-title elementor-size-default\">Juego Responsable<\/h3>\t\t\t\t<\/div>\n\t\t\t\t<\/div>\n\t\t\t\t<div class=\"elementor-element elementor-element-cf41571 elementor-widget elementor-widget-text-editor\" data-id=\"cf41571\" data-element_type=\"widget\" data-e-type=\"widget\" data-widget_type=\"text-editor.default\">\n\t\t\t\t<div class=\"elementor-widget-container\">\n\t\t\t\t\t\t\t\t\t<p style=\"text-align: center;\">Promovemos activamente el juego responsable, proporcionando recursos y herramientas que aseguran una experiencia de juego segura y controlada para todos nuestros clientes.<\/p>\t\t\t\t\t\t\t\t<\/div>\n\t\t\t\t<\/div>\n\t\t\t\t<\/div>\n\t\t\t\t\t<\/div>\n\t\t\t\t<\/div>\n\t\t<div class=\"elementor-element elementor-element-e166cc3 e-flex e-con-boxed e-con e-parent\" data-id=\"e166cc3\" data-element_type=\"container\" data-e-type=\"container\">\n\t\t\t\t\t<div class=\"e-con-inner\">\n\t\t\t\t<div class=\"elementor-element elementor-element-34e974e elementor-widget elementor-widget-html\" data-id=\"34e974e\" data-element_type=\"widget\" data-e-type=\"widget\" data-widget_type=\"html.default\">\n\t\t\t\t<div class=\"elementor-widget-container\">\n\t\t\t\t\t<div style=\"position: relative; padding-bottom: 56.25%; height: 0; overflow: hidden; max-width: 100%; height: auto;\">\r\n  <iframe src=\"https:\/\/www.youtube.com\/embed\/958txAx9ct8?autoplay=1&mute=1\" \r\n          frameborder=\"0\" \r\n          allow=\"autoplay; encrypted-media\" \r\n          allowfullscreen \r\n          style=\"position: absolute; top: 0; left: 0; width: 100%; height: 100%;\">\r\n  <\/iframe>\r\n<\/div>\r\n\t\t\t\t<\/div>\n\t\t\t\t<\/div>\n\t\t\t\t\t<\/div>\n\t\t\t\t<\/div>\n\t\t\t\t<\/div>\n\t\t","protected":false},"excerpt":{"rendered":"<p>Bienvenido a GalloPlay La plataforma de juegos, apuestas de casino y deportes en l\u00ednea\u200b GalloPlay tiene sus ra\u00edces en m\u00e1s de 20 a\u00f1os de experiencia en la industria del entretenimiento y el juego en Costa Rica, respaldado por casinos f\u00edsicos en diferentes lugares del pa\u00eds. Nuestro viaje comenz\u00f3 con la visi\u00f3n de trasladar la vibrante [&hellip;]<\/p>\n","protected":false},"author":2,"featured_media":0,"parent":0,"menu_order":0,"comment_status":"closed","ping_status":"closed","template":"","meta":{"_acf_changed":false,"_joinchat":[],"footnotes":""},"class_list":["post-97","page","type-page","status-publish","hentry"],"acf":[],"yoast_head":"<!-- This site is optimized with the Yoast SEO plugin v27.4 - https:\/\/yoast.com\/product\/yoast-seo-wordpress\/ -->\n<title>Somos el mejor casino en linea de Costa Rica 100% nacionales<\/title>\n<meta name=\"description\" content=\"Somos el mejor casino en linea de Costa Rica, 100% nacionales, GalloPlay tiene sus ra\u00edces en m\u00e1s de 20 a\u00f1os de experiencia en la industria del entretenimiento y el juego.\" \/>\n<meta name=\"robots\" content=\"index, follow, max-snippet:-1, max-image-preview:large, max-video-preview:-1\" \/>\n<link rel=\"canonical\" href=\"https:\/\/hopeful-hofstadter.31-220-96-92.plesk.page\/sobre-nosotros\/\" \/>\n<meta property=\"og:locale\" content=\"es_ES\" \/>\n<meta property=\"og:type\" content=\"article\" \/>\n<meta property=\"og:title\" content=\"Somos el mejor casino en linea de Costa Rica 100% nacionales\" \/>\n<meta property=\"og:description\" content=\"Somos el mejor casino en linea de Costa Rica, 100% nacionales, GalloPlay tiene sus ra\u00edces en m\u00e1s de 20 a\u00f1os de experiencia en la industria del entretenimiento y el juego.\" \/>\n<meta property=\"og:url\" content=\"https:\/\/hopeful-hofstadter.31-220-96-92.plesk.page\/sobre-nosotros\/\" \/>\n<meta property=\"og:site_name\" content=\"Gallo Play Costa Rica | Casino en L\u00ednea y Sitio de Apuestas Deportivas\" \/>\n<meta property=\"article:modified_time\" content=\"2025-05-05T22:41:55+00:00\" \/>\n<meta property=\"og:image\" content=\"https:\/\/hopeful-hofstadter.31-220-96-92.plesk.page\/wp-content\/uploads\/2024\/03\/cropped-galloplay-favicon.webp\" \/>\n<meta name=\"twitter:card\" content=\"summary_large_image\" \/>\n<meta name=\"twitter:label1\" content=\"Tiempo de lectura\" \/>\n\t<meta name=\"twitter:data1\" content=\"2 minutos\" \/>\n<script type=\"application\/ld+json\" class=\"yoast-schema-graph\">{\"@context\":\"https:\\\/\\\/schema.org\",\"@graph\":[{\"@type\":\"WebPage\",\"@id\":\"https:\\\/\\\/hopeful-hofstadter.31-220-96-92.plesk.page\\\/sobre-nosotros\\\/\",\"url\":\"https:\\\/\\\/hopeful-hofstadter.31-220-96-92.plesk.page\\\/sobre-nosotros\\\/\",\"name\":\"Somos el mejor casino en linea de Costa Rica 100% nacionales\",\"isPartOf\":{\"@id\":\"https:\\\/\\\/hopeful-hofstadter.31-220-96-92.plesk.page\\\/#website\"},\"primaryImageOfPage\":{\"@id\":\"https:\\\/\\\/hopeful-hofstadter.31-220-96-92.plesk.page\\\/sobre-nosotros\\\/#primaryimage\"},\"image\":{\"@id\":\"https:\\\/\\\/hopeful-hofstadter.31-220-96-92.plesk.page\\\/sobre-nosotros\\\/#primaryimage\"},\"thumbnailUrl\":\"https:\\\/\\\/hopeful-hofstadter.31-220-96-92.plesk.page\\\/wp-content\\\/uploads\\\/2024\\\/03\\\/cropped-galloplay-favicon.webp\",\"datePublished\":\"2024-01-04T14:55:45+00:00\",\"dateModified\":\"2025-05-05T22:41:55+00:00\",\"description\":\"Somos el mejor casino en linea de Costa Rica, 100% nacionales, GalloPlay tiene sus ra\u00edces en m\u00e1s de 20 a\u00f1os de experiencia en la industria del entretenimiento y el juego.\",\"breadcrumb\":{\"@id\":\"https:\\\/\\\/hopeful-hofstadter.31-220-96-92.plesk.page\\\/sobre-nosotros\\\/#breadcrumb\"},\"inLanguage\":\"es\",\"potentialAction\":[{\"@type\":\"ReadAction\",\"target\":[\"https:\\\/\\\/hopeful-hofstadter.31-220-96-92.plesk.page\\\/sobre-nosotros\\\/\"]}]},{\"@type\":\"ImageObject\",\"inLanguage\":\"es\",\"@id\":\"https:\\\/\\\/hopeful-hofstadter.31-220-96-92.plesk.page\\\/sobre-nosotros\\\/#primaryimage\",\"url\":\"https:\\\/\\\/hopeful-hofstadter.31-220-96-92.plesk.page\\\/wp-content\\\/uploads\\\/2024\\\/03\\\/cropped-galloplay-favicon.webp\",\"contentUrl\":\"https:\\\/\\\/hopeful-hofstadter.31-220-96-92.plesk.page\\\/wp-content\\\/uploads\\\/2024\\\/03\\\/cropped-galloplay-favicon.webp\",\"width\":512,\"height\":512},{\"@type\":\"BreadcrumbList\",\"@id\":\"https:\\\/\\\/hopeful-hofstadter.31-220-96-92.plesk.page\\\/sobre-nosotros\\\/#breadcrumb\",\"itemListElement\":[{\"@type\":\"ListItem\",\"position\":1,\"name\":\"Portada\",\"item\":\"https:\\\/\\\/hopeful-hofstadter.31-220-96-92.plesk.page\\\/\"},{\"@type\":\"ListItem\",\"position\":2,\"name\":\"Sobre Nosotros\"}]},{\"@type\":\"WebSite\",\"@id\":\"https:\\\/\\\/hopeful-hofstadter.31-220-96-92.plesk.page\\\/#website\",\"url\":\"https:\\\/\\\/hopeful-hofstadter.31-220-96-92.plesk.page\\\/\",\"name\":\"Galloplay.com\",\"description\":\"Vive la mejor experiencia de casino online y apuestas deportivas en Gallo Play Costa Rica. \u00a1Juega con confianza ruleta, bingo y cientos de juegos de casino!\",\"publisher\":{\"@id\":\"https:\\\/\\\/hopeful-hofstadter.31-220-96-92.plesk.page\\\/#organization\"},\"alternateName\":\"Galloplay\",\"potentialAction\":[{\"@type\":\"SearchAction\",\"target\":{\"@type\":\"EntryPoint\",\"urlTemplate\":\"https:\\\/\\\/hopeful-hofstadter.31-220-96-92.plesk.page\\\/?s={search_term_string}\"},\"query-input\":{\"@type\":\"PropertyValueSpecification\",\"valueRequired\":true,\"valueName\":\"search_term_string\"}}],\"inLanguage\":\"es\"},{\"@type\":\"Organization\",\"@id\":\"https:\\\/\\\/hopeful-hofstadter.31-220-96-92.plesk.page\\\/#organization\",\"name\":\"Galloplay.com\",\"url\":\"https:\\\/\\\/hopeful-hofstadter.31-220-96-92.plesk.page\\\/\",\"logo\":{\"@type\":\"ImageObject\",\"inLanguage\":\"es\",\"@id\":\"https:\\\/\\\/hopeful-hofstadter.31-220-96-92.plesk.page\\\/#\\\/schema\\\/logo\\\/image\\\/\",\"url\":\"https:\\\/\\\/hopeful-hofstadter.31-220-96-92.plesk.page\\\/wp-content\\\/uploads\\\/2024\\\/03\\\/logo-GalloPlay.webp\",\"contentUrl\":\"https:\\\/\\\/hopeful-hofstadter.31-220-96-92.plesk.page\\\/wp-content\\\/uploads\\\/2024\\\/03\\\/logo-GalloPlay.webp\",\"width\":920,\"height\":244,\"caption\":\"Galloplay.com\"},\"image\":{\"@id\":\"https:\\\/\\\/hopeful-hofstadter.31-220-96-92.plesk.page\\\/#\\\/schema\\\/logo\\\/image\\\/\"}}]}<\/script>\n<!-- \/ Yoast SEO plugin. -->","yoast_head_json":{"title":"Somos el mejor casino en linea de Costa Rica 100% nacionales","description":"Somos el mejor casino en linea de Costa Rica, 100% nacionales, GalloPlay tiene sus ra\u00edces en m\u00e1s de 20 a\u00f1os de experiencia en la industria del entretenimiento y el juego.","robots":{"index":"index","follow":"follow","max-snippet":"max-snippet:-1","max-image-preview":"max-image-preview:large","max-video-preview":"max-video-preview:-1"},"canonical":"https:\/\/hopeful-hofstadter.31-220-96-92.plesk.page\/sobre-nosotros\/","og_locale":"es_ES","og_type":"article","og_title":"Somos el mejor casino en linea de Costa Rica 100% nacionales","og_description":"Somos el mejor casino en linea de Costa Rica, 100% nacionales, GalloPlay tiene sus ra\u00edces en m\u00e1s de 20 a\u00f1os de experiencia en la industria del entretenimiento y el juego.","og_url":"https:\/\/hopeful-hofstadter.31-220-96-92.plesk.page\/sobre-nosotros\/","og_site_name":"Gallo Play Costa Rica | Casino en L\u00ednea y Sitio de Apuestas Deportivas","article_modified_time":"2025-05-05T22:41:55+00:00","og_image":[{"url":"https:\/\/hopeful-hofstadter.31-220-96-92.plesk.page\/wp-content\/uploads\/2024\/03\/cropped-galloplay-favicon.webp","type":"","width":"","height":""}],"twitter_card":"summary_large_image","twitter_misc":{"Tiempo de lectura":"2 minutos"},"schema":{"@context":"https:\/\/schema.org","@graph":[{"@type":"WebPage","@id":"https:\/\/hopeful-hofstadter.31-220-96-92.plesk.page\/sobre-nosotros\/","url":"https:\/\/hopeful-hofstadter.31-220-96-92.plesk.page\/sobre-nosotros\/","name":"Somos el mejor casino en linea de Costa Rica 100% nacionales","isPartOf":{"@id":"https:\/\/hopeful-hofstadter.31-220-96-92.plesk.page\/#website"},"primaryImageOfPage":{"@id":"https:\/\/hopeful-hofstadter.31-220-96-92.plesk.page\/sobre-nosotros\/#primaryimage"},"image":{"@id":"https:\/\/hopeful-hofstadter.31-220-96-92.plesk.page\/sobre-nosotros\/#primaryimage"},"thumbnailUrl":"https:\/\/hopeful-hofstadter.31-220-96-92.plesk.page\/wp-content\/uploads\/2024\/03\/cropped-galloplay-favicon.webp","datePublished":"2024-01-04T14:55:45+00:00","dateModified":"2025-05-05T22:41:55+00:00","description":"Somos el mejor casino en linea de Costa Rica, 100% nacionales, GalloPlay tiene sus ra\u00edces en m\u00e1s de 20 a\u00f1os de experiencia en la industria del entretenimiento y el juego.","breadcrumb":{"@id":"https:\/\/hopeful-hofstadter.31-220-96-92.plesk.page\/sobre-nosotros\/#breadcrumb"},"inLanguage":"es","potentialAction":[{"@type":"ReadAction","target":["https:\/\/hopeful-hofstadter.31-220-96-92.plesk.page\/sobre-nosotros\/"]}]},{"@type":"ImageObject","inLanguage":"es","@id":"https:\/\/hopeful-hofstadter.31-220-96-92.plesk.page\/sobre-nosotros\/#primaryimage","url":"https:\/\/hopeful-hofstadter.31-220-96-92.plesk.page\/wp-content\/uploads\/2024\/03\/cropped-galloplay-favicon.webp","contentUrl":"https:\/\/hopeful-hofstadter.31-220-96-92.plesk.page\/wp-content\/uploads\/2024\/03\/cropped-galloplay-favicon.webp","width":512,"height":512},{"@type":"BreadcrumbList","@id":"https:\/\/hopeful-hofstadter.31-220-96-92.plesk.page\/sobre-nosotros\/#breadcrumb","itemListElement":[{"@type":"ListItem","position":1,"name":"Portada","item":"https:\/\/hopeful-hofstadter.31-220-96-92.plesk.page\/"},{"@type":"ListItem","position":2,"name":"Sobre Nosotros"}]},{"@type":"WebSite","@id":"https:\/\/hopeful-hofstadter.31-220-96-92.plesk.page\/#website","url":"https:\/\/hopeful-hofstadter.31-220-96-92.plesk.page\/","name":"Galloplay.com","description":"Vive la mejor experiencia de casino online y apuestas deportivas en Gallo Play Costa Rica. \u00a1Juega con confianza ruleta, bingo y cientos de juegos de casino!","publisher":{"@id":"https:\/\/hopeful-hofstadter.31-220-96-92.plesk.page\/#organization"},"alternateName":"Galloplay","potentialAction":[{"@type":"SearchAction","target":{"@type":"EntryPoint","urlTemplate":"https:\/\/hopeful-hofstadter.31-220-96-92.plesk.page\/?s={search_term_string}"},"query-input":{"@type":"PropertyValueSpecification","valueRequired":true,"valueName":"search_term_string"}}],"inLanguage":"es"},{"@type":"Organization","@id":"https:\/\/hopeful-hofstadter.31-220-96-92.plesk.page\/#organization","name":"Galloplay.com","url":"https:\/\/hopeful-hofstadter.31-220-96-92.plesk.page\/","logo":{"@type":"ImageObject","inLanguage":"es","@id":"https:\/\/hopeful-hofstadter.31-220-96-92.plesk.page\/#\/schema\/logo\/image\/","url":"https:\/\/hopeful-hofstadter.31-220-96-92.plesk.page\/wp-content\/uploads\/2024\/03\/logo-GalloPlay.webp","contentUrl":"https:\/\/hopeful-hofstadter.31-220-96-92.plesk.page\/wp-content\/uploads\/2024\/03\/logo-GalloPlay.webp","width":920,"height":244,"caption":"Galloplay.com"},"image":{"@id":"https:\/\/hopeful-hofstadter.31-220-96-92.plesk.page\/#\/schema\/logo\/image\/"}}]}},"_links":{"self":[{"href":"https:\/\/hopeful-hofstadter.31-220-96-92.plesk.page\/index.php?rest_route=\/wp\/v2\/pages\/97","targetHints":{"allow":["GET"]}}],"collection":[{"href":"https:\/\/hopeful-hofstadter.31-220-96-92.plesk.page\/index.php?rest_route=\/wp\/v2\/pages"}],"about":[{"href":"https:\/\/hopeful-hofstadter.31-220-96-92.plesk.page\/index.php?rest_route=\/wp\/v2\/types\/page"}],"author":[{"embeddable":true,"href":"https:\/\/hopeful-hofstadter.31-220-96-92.plesk.page\/index.php?rest_route=\/wp\/v2\/users\/2"}],"replies":[{"embeddable":true,"href":"https:\/\/hopeful-hofstadter.31-220-96-92.plesk.page\/index.php?rest_route=%2Fwp%2Fv2%2Fcomments&post=97"}],"version-history":[{"count":106,"href":"https:\/\/hopeful-hofstadter.31-220-96-92.plesk.page\/index.php?rest_route=\/wp\/v2\/pages\/97\/revisions"}],"predecessor-version":[{"id":6266,"href":"https:\/\/hopeful-hofstadter.31-220-96-92.plesk.page\/index.php?rest_route=\/wp\/v2\/pages\/97\/revisions\/6266"}],"wp:attachment":[{"href":"https:\/\/hopeful-hofstadter.31-220-96-92.plesk.page\/index.php?rest_route=%2Fwp%2Fv2%2Fmedia&parent=97"}],"curies":[{"name":"wp","href":"https:\/\/api.w.org\/{rel}","templated":true}]}}