{"id":99,"date":"2024-01-04T14:56:08","date_gmt":"2024-01-04T14:56:08","guid":{"rendered":"https:\/\/hopeful-hofstadter.31-220-96-92.plesk.page\/?page_id=99"},"modified":"2025-05-05T20:52:50","modified_gmt":"2025-05-05T20:52:50","slug":"contactenos","status":"publish","type":"page","link":"https:\/\/hopeful-hofstadter.31-220-96-92.plesk.page\/?page_id=99","title":{"rendered":"Cont\u00e1ctenos"},"content":{"rendered":"\t\t<div data-elementor-type=\"wp-page\" data-elementor-id=\"99\" class=\"elementor elementor-99\" data-elementor-post-type=\"page\">\n\t\t\t\t<div class=\"elementor-element elementor-element-53efbd0 e-flex e-con-boxed e-con e-parent\" data-id=\"53efbd0\" data-element_type=\"container\" data-e-type=\"container\">\n\t\t\t\t\t<div class=\"e-con-inner\">\n\t\t<div class=\"elementor-element elementor-element-7d5c69b e-con-full e-flex e-con e-child\" data-id=\"7d5c69b\" data-element_type=\"container\" data-e-type=\"container\">\n\t\t\t\t<div class=\"elementor-element elementor-element-117808b elementor-widget elementor-widget-heading\" data-id=\"117808b\" data-element_type=\"widget\" data-e-type=\"widget\" data-widget_type=\"heading.default\">\n\t\t\t\t<div class=\"elementor-widget-container\">\n\t\t\t\t\t<h1 class=\"elementor-heading-title elementor-size-default\">Contacta a GalloPlay<\/h1>\t\t\t\t<\/div>\n\t\t\t\t<\/div>\n\t\t\t\t<div class=\"elementor-element elementor-element-0e5df7c elementor-widget elementor-widget-text-editor\" data-id=\"0e5df7c\" data-element_type=\"widget\" data-e-type=\"widget\" data-widget_type=\"text-editor.default\">\n\t\t\t\t<div class=\"elementor-widget-container\">\n\t\t\t\t\t\t\t\t\t<p style=\"text-align: center;\"><span style=\"text-align: var(--text-align); font-size: 1rem;\">En GalloPlay, valoramos profundamente la satisfacci\u00f3n de nuestros clientes, por lo que nos esforzamos en ofrecer un servicio de atenci\u00f3n al cliente excepcional. Estamos siempre disponibles para resolver inquietudes y recibir comentarios, asegurando una experiencia positiva en todo momento.<\/span><\/p><p style=\"text-align: center;\">Nuestro equipo est\u00e1 preparado para brindarte asistencia r\u00e1pida y eficiente en cualquier consulta, ya sea sobre promociones, detalles de tu cuenta o cualquier aspecto de nuestra plataforma. Nos comprometemos a ofrecerte el mejor servicio posible.<\/p><p style=\"text-align: center;\">Valoramos tus sugerencias y comentarios, ya que nos ayudan a mejorar continuamente y adaptar nuestros servicios a tus necesidades. Tu opini\u00f3n es clave para nuestro crecimiento y \u00e9xito<\/p>\t\t\t\t\t\t\t\t<\/div>\n\t\t\t\t<\/div>\n\t\t\t\t<\/div>\n\t\t<div class=\"elementor-element elementor-element-4923c2c e-con-full e-flex e-con e-child\" data-id=\"4923c2c\" data-element_type=\"container\" data-e-type=\"container\">\n\t\t\t\t<div class=\"elementor-element elementor-element-949d94a elementor-button-align-stretch elementor-widget elementor-widget-form\" data-id=\"949d94a\" data-element_type=\"widget\" data-e-type=\"widget\" data-settings=\"{&quot;step_next_label&quot;:&quot;Siguiente&quot;,&quot;step_previous_label&quot;:&quot;Anterior&quot;,&quot;button_width&quot;:&quot;100&quot;,&quot;step_type&quot;:&quot;number_text&quot;,&quot;step_icon_shape&quot;:&quot;circle&quot;}\" data-widget_type=\"form.default\">\n\t\t\t\t<div class=\"elementor-widget-container\">\n\t\t\t\t\t\t\t<form class=\"elementor-form\" method=\"post\" name=\"contact_form\" aria-label=\"contact_form\">\n\t\t\t<input type=\"hidden\" name=\"post_id\" value=\"99\"\/>\n\t\t\t<input type=\"hidden\" name=\"form_id\" value=\"949d94a\"\/>\n\t\t\t<input type=\"hidden\" name=\"referer_title\" value=\"Cont\u00e1ctanos f\u00e1cilmente a trav\u00e9s de nuestro formulario en l\u00ednea\" \/>\n\n\t\t\t\t\t\t\t<input type=\"hidden\" name=\"queried_id\" value=\"99\"\/>\n\t\t\t\n\t\t\t<div class=\"elementor-form-fields-wrapper elementor-labels-above\">\n\t\t\t\t\t\t\t\t<div class=\"elementor-field-type-text elementor-field-group elementor-column elementor-field-group-name elementor-col-100\">\n\t\t\t\t\t\t\t\t\t\t\t\t<label for=\"form-field-name\" class=\"elementor-field-label\">\n\t\t\t\t\t\t\t\tNombre\t\t\t\t\t\t\t<\/label>\n\t\t\t\t\t\t\t\t\t\t\t\t\t\t<input size=\"1\" type=\"text\" name=\"form_fields[name]\" id=\"form-field-name\" class=\"elementor-field elementor-size-sm  elementor-field-textual\" placeholder=\"Nombre\">\n\t\t\t\t\t\t\t\t\t\t\t<\/div>\n\t\t\t\t\t\t\t\t<div class=\"elementor-field-type-email elementor-field-group elementor-column elementor-field-group-email elementor-col-100 elementor-field-required\">\n\t\t\t\t\t\t\t\t\t\t\t\t<label for=\"form-field-email\" class=\"elementor-field-label\">\n\t\t\t\t\t\t\t\tCorreo electr\u00f3nico\t\t\t\t\t\t\t<\/label>\n\t\t\t\t\t\t\t\t\t\t\t\t\t\t<input size=\"1\" type=\"email\" name=\"form_fields[email]\" id=\"form-field-email\" class=\"elementor-field elementor-size-sm  elementor-field-textual\" placeholder=\"Correo electr\u00f3nico\" required=\"required\">\n\t\t\t\t\t\t\t\t\t\t\t<\/div>\n\t\t\t\t\t\t\t\t<div class=\"elementor-field-type-tel elementor-field-group elementor-column elementor-field-group-field_33306a4 elementor-col-100 elementor-field-required\">\n\t\t\t\t\t\t\t\t\t\t\t\t<label for=\"form-field-field_33306a4\" class=\"elementor-field-label\">\n\t\t\t\t\t\t\t\tTel\u00e9fono\t\t\t\t\t\t\t<\/label>\n\t\t\t\t\t\t\t\t<input size=\"1\" type=\"tel\" name=\"form_fields[field_33306a4]\" id=\"form-field-field_33306a4\" class=\"elementor-field elementor-size-sm  elementor-field-textual\" required=\"required\" pattern=\"[0-9()#&amp;+*-=.]+\" title=\"Solo se aceptan n\u00fameros y caracteres de tel\u00e9fono (#,-,*,etc).\">\n\n\t\t\t\t\t\t<\/div>\n\t\t\t\t\t\t\t\t<div class=\"elementor-field-type-textarea elementor-field-group elementor-column elementor-field-group-message elementor-col-100\">\n\t\t\t\t\t\t\t\t\t\t\t\t<label for=\"form-field-message\" class=\"elementor-field-label\">\n\t\t\t\t\t\t\t\tMensaje\t\t\t\t\t\t\t<\/label>\n\t\t\t\t\t\t<textarea class=\"elementor-field-textual elementor-field  elementor-size-sm\" name=\"form_fields[message]\" id=\"form-field-message\" rows=\"4\" placeholder=\"Mensaje\"><\/textarea>\t\t\t\t<\/div>\n\t\t\t\t\t\t\t\t<div class=\"elementor-field-group elementor-column elementor-field-type-submit elementor-col-100 e-form__buttons\">\n\t\t\t\t\t<button class=\"elementor-button elementor-size-sm\" type=\"submit\">\n\t\t\t\t\t\t<span class=\"elementor-button-content-wrapper\">\n\t\t\t\t\t\t\t\t\t\t\t\t\t\t\t\t\t\t\t\t\t\t<span class=\"elementor-button-text\">Enviar<\/span>\n\t\t\t\t\t\t\t\t\t\t\t\t\t<\/span>\n\t\t\t\t\t<\/button>\n\t\t\t\t<\/div>\n\t\t\t<\/div>\n\t\t<\/form>\n\t\t\t\t\t\t<\/div>\n\t\t\t\t<\/div>\n\t\t\t\t<\/div>\n\t\t\t\t\t<\/div>\n\t\t\t\t<\/div>\n\t\t\t\t<\/div>\n\t\t","protected":false},"excerpt":{"rendered":"<p>Contacta a GalloPlay En GalloPlay, valoramos profundamente la satisfacci\u00f3n de nuestros clientes, por lo que nos esforzamos en ofrecer un servicio de atenci\u00f3n al cliente excepcional. Estamos siempre disponibles para resolver inquietudes y recibir comentarios, asegurando una experiencia positiva en todo momento. Nuestro equipo est\u00e1 preparado para brindarte asistencia r\u00e1pida y eficiente en cualquier consulta, [&hellip;]<\/p>\n","protected":false},"author":2,"featured_media":0,"parent":0,"menu_order":0,"comment_status":"closed","ping_status":"closed","template":"","meta":{"_acf_changed":false,"_joinchat":[],"footnotes":""},"class_list":["post-99","page","type-page","status-publish","hentry"],"acf":[],"yoast_head":"<!-- This site is optimized with the Yoast SEO plugin v27.4 - https:\/\/yoast.com\/product\/yoast-seo-wordpress\/ -->\n<title>Cont\u00e1ctanos f\u00e1cilmente a trav\u00e9s de nuestro formulario en l\u00ednea<\/title>\n<meta name=\"description\" content=\"Cont\u00e1ctanos f\u00e1cilmente a trav\u00e9s de nuestro formulario en l\u00ednea. Solo ingresa tus datos, describe tu consulta o solicitud y env\u00edala.\" \/>\n<meta name=\"robots\" content=\"index, follow, max-snippet:-1, max-image-preview:large, max-video-preview:-1\" \/>\n<link rel=\"canonical\" href=\"https:\/\/hopeful-hofstadter.31-220-96-92.plesk.page\/contactenos\/\" \/>\n<meta property=\"og:locale\" content=\"es_ES\" \/>\n<meta property=\"og:type\" content=\"article\" \/>\n<meta property=\"og:title\" content=\"Cont\u00e1ctanos f\u00e1cilmente a trav\u00e9s de nuestro formulario en l\u00ednea\" \/>\n<meta property=\"og:description\" content=\"Cont\u00e1ctanos f\u00e1cilmente a trav\u00e9s de nuestro formulario en l\u00ednea. Solo ingresa tus datos, describe tu consulta o solicitud y env\u00edala.\" \/>\n<meta property=\"og:url\" content=\"https:\/\/hopeful-hofstadter.31-220-96-92.plesk.page\/contactenos\/\" \/>\n<meta property=\"og:site_name\" content=\"Gallo Play Costa Rica | Casino en L\u00ednea y Sitio de Apuestas Deportivas\" \/>\n<meta property=\"article:modified_time\" content=\"2025-05-05T20:52:50+00:00\" \/>\n<meta name=\"twitter:card\" content=\"summary_large_image\" \/>\n<meta name=\"twitter:label1\" content=\"Tiempo de lectura\" \/>\n\t<meta name=\"twitter:data1\" content=\"1 minuto\" \/>\n<script type=\"application\/ld+json\" class=\"yoast-schema-graph\">{\"@context\":\"https:\\\/\\\/schema.org\",\"@graph\":[{\"@type\":\"WebPage\",\"@id\":\"https:\\\/\\\/hopeful-hofstadter.31-220-96-92.plesk.page\\\/contactenos\\\/\",\"url\":\"https:\\\/\\\/hopeful-hofstadter.31-220-96-92.plesk.page\\\/contactenos\\\/\",\"name\":\"Cont\u00e1ctanos f\u00e1cilmente a trav\u00e9s de nuestro formulario en l\u00ednea\",\"isPartOf\":{\"@id\":\"https:\\\/\\\/hopeful-hofstadter.31-220-96-92.plesk.page\\\/#website\"},\"datePublished\":\"2024-01-04T14:56:08+00:00\",\"dateModified\":\"2025-05-05T20:52:50+00:00\",\"description\":\"Cont\u00e1ctanos f\u00e1cilmente a trav\u00e9s de nuestro formulario en l\u00ednea. Solo ingresa tus datos, describe tu consulta o solicitud y env\u00edala.\",\"breadcrumb\":{\"@id\":\"https:\\\/\\\/hopeful-hofstadter.31-220-96-92.plesk.page\\\/contactenos\\\/#breadcrumb\"},\"inLanguage\":\"es\",\"potentialAction\":[{\"@type\":\"ReadAction\",\"target\":[\"https:\\\/\\\/hopeful-hofstadter.31-220-96-92.plesk.page\\\/contactenos\\\/\"]}]},{\"@type\":\"BreadcrumbList\",\"@id\":\"https:\\\/\\\/hopeful-hofstadter.31-220-96-92.plesk.page\\\/contactenos\\\/#breadcrumb\",\"itemListElement\":[{\"@type\":\"ListItem\",\"position\":1,\"name\":\"Portada\",\"item\":\"https:\\\/\\\/hopeful-hofstadter.31-220-96-92.plesk.page\\\/\"},{\"@type\":\"ListItem\",\"position\":2,\"name\":\"Cont\u00e1ctenos\"}]},{\"@type\":\"WebSite\",\"@id\":\"https:\\\/\\\/hopeful-hofstadter.31-220-96-92.plesk.page\\\/#website\",\"url\":\"https:\\\/\\\/hopeful-hofstadter.31-220-96-92.plesk.page\\\/\",\"name\":\"Galloplay.com\",\"description\":\"Vive la mejor experiencia de casino online y apuestas deportivas en Gallo Play Costa Rica. \u00a1Juega con confianza ruleta, bingo y cientos de juegos de casino!\",\"publisher\":{\"@id\":\"https:\\\/\\\/hopeful-hofstadter.31-220-96-92.plesk.page\\\/#organization\"},\"alternateName\":\"Galloplay\",\"potentialAction\":[{\"@type\":\"SearchAction\",\"target\":{\"@type\":\"EntryPoint\",\"urlTemplate\":\"https:\\\/\\\/hopeful-hofstadter.31-220-96-92.plesk.page\\\/?s={search_term_string}\"},\"query-input\":{\"@type\":\"PropertyValueSpecification\",\"valueRequired\":true,\"valueName\":\"search_term_string\"}}],\"inLanguage\":\"es\"},{\"@type\":\"Organization\",\"@id\":\"https:\\\/\\\/hopeful-hofstadter.31-220-96-92.plesk.page\\\/#organization\",\"name\":\"Galloplay.com\",\"url\":\"https:\\\/\\\/hopeful-hofstadter.31-220-96-92.plesk.page\\\/\",\"logo\":{\"@type\":\"ImageObject\",\"inLanguage\":\"es\",\"@id\":\"https:\\\/\\\/hopeful-hofstadter.31-220-96-92.plesk.page\\\/#\\\/schema\\\/logo\\\/image\\\/\",\"url\":\"https:\\\/\\\/hopeful-hofstadter.31-220-96-92.plesk.page\\\/wp-content\\\/uploads\\\/2024\\\/03\\\/logo-GalloPlay.webp\",\"contentUrl\":\"https:\\\/\\\/hopeful-hofstadter.31-220-96-92.plesk.page\\\/wp-content\\\/uploads\\\/2024\\\/03\\\/logo-GalloPlay.webp\",\"width\":920,\"height\":244,\"caption\":\"Galloplay.com\"},\"image\":{\"@id\":\"https:\\\/\\\/hopeful-hofstadter.31-220-96-92.plesk.page\\\/#\\\/schema\\\/logo\\\/image\\\/\"}}]}<\/script>\n<!-- \/ Yoast SEO plugin. -->","yoast_head_json":{"title":"Cont\u00e1ctanos f\u00e1cilmente a trav\u00e9s de nuestro formulario en l\u00ednea","description":"Cont\u00e1ctanos f\u00e1cilmente a trav\u00e9s de nuestro formulario en l\u00ednea. Solo ingresa tus datos, describe tu consulta o solicitud y env\u00edala.","robots":{"index":"index","follow":"follow","max-snippet":"max-snippet:-1","max-image-preview":"max-image-preview:large","max-video-preview":"max-video-preview:-1"},"canonical":"https:\/\/hopeful-hofstadter.31-220-96-92.plesk.page\/contactenos\/","og_locale":"es_ES","og_type":"article","og_title":"Cont\u00e1ctanos f\u00e1cilmente a trav\u00e9s de nuestro formulario en l\u00ednea","og_description":"Cont\u00e1ctanos f\u00e1cilmente a trav\u00e9s de nuestro formulario en l\u00ednea. Solo ingresa tus datos, describe tu consulta o solicitud y env\u00edala.","og_url":"https:\/\/hopeful-hofstadter.31-220-96-92.plesk.page\/contactenos\/","og_site_name":"Gallo Play Costa Rica | Casino en L\u00ednea y Sitio de Apuestas Deportivas","article_modified_time":"2025-05-05T20:52:50+00:00","twitter_card":"summary_large_image","twitter_misc":{"Tiempo de lectura":"1 minuto"},"schema":{"@context":"https:\/\/schema.org","@graph":[{"@type":"WebPage","@id":"https:\/\/hopeful-hofstadter.31-220-96-92.plesk.page\/contactenos\/","url":"https:\/\/hopeful-hofstadter.31-220-96-92.plesk.page\/contactenos\/","name":"Cont\u00e1ctanos f\u00e1cilmente a trav\u00e9s de nuestro formulario en l\u00ednea","isPartOf":{"@id":"https:\/\/hopeful-hofstadter.31-220-96-92.plesk.page\/#website"},"datePublished":"2024-01-04T14:56:08+00:00","dateModified":"2025-05-05T20:52:50+00:00","description":"Cont\u00e1ctanos f\u00e1cilmente a trav\u00e9s de nuestro formulario en l\u00ednea. Solo ingresa tus datos, describe tu consulta o solicitud y env\u00edala.","breadcrumb":{"@id":"https:\/\/hopeful-hofstadter.31-220-96-92.plesk.page\/contactenos\/#breadcrumb"},"inLanguage":"es","potentialAction":[{"@type":"ReadAction","target":["https:\/\/hopeful-hofstadter.31-220-96-92.plesk.page\/contactenos\/"]}]},{"@type":"BreadcrumbList","@id":"https:\/\/hopeful-hofstadter.31-220-96-92.plesk.page\/contactenos\/#breadcrumb","itemListElement":[{"@type":"ListItem","position":1,"name":"Portada","item":"https:\/\/hopeful-hofstadter.31-220-96-92.plesk.page\/"},{"@type":"ListItem","position":2,"name":"Cont\u00e1ctenos"}]},{"@type":"WebSite","@id":"https:\/\/hopeful-hofstadter.31-220-96-92.plesk.page\/#website","url":"https:\/\/hopeful-hofstadter.31-220-96-92.plesk.page\/","name":"Galloplay.com","description":"Vive la mejor experiencia de casino online y apuestas deportivas en Gallo Play Costa Rica. \u00a1Juega con confianza ruleta, bingo y cientos de juegos de casino!","publisher":{"@id":"https:\/\/hopeful-hofstadter.31-220-96-92.plesk.page\/#organization"},"alternateName":"Galloplay","potentialAction":[{"@type":"SearchAction","target":{"@type":"EntryPoint","urlTemplate":"https:\/\/hopeful-hofstadter.31-220-96-92.plesk.page\/?s={search_term_string}"},"query-input":{"@type":"PropertyValueSpecification","valueRequired":true,"valueName":"search_term_string"}}],"inLanguage":"es"},{"@type":"Organization","@id":"https:\/\/hopeful-hofstadter.31-220-96-92.plesk.page\/#organization","name":"Galloplay.com","url":"https:\/\/hopeful-hofstadter.31-220-96-92.plesk.page\/","logo":{"@type":"ImageObject","inLanguage":"es","@id":"https:\/\/hopeful-hofstadter.31-220-96-92.plesk.page\/#\/schema\/logo\/image\/","url":"https:\/\/hopeful-hofstadter.31-220-96-92.plesk.page\/wp-content\/uploads\/2024\/03\/logo-GalloPlay.webp","contentUrl":"https:\/\/hopeful-hofstadter.31-220-96-92.plesk.page\/wp-content\/uploads\/2024\/03\/logo-GalloPlay.webp","width":920,"height":244,"caption":"Galloplay.com"},"image":{"@id":"https:\/\/hopeful-hofstadter.31-220-96-92.plesk.page\/#\/schema\/logo\/image\/"}}]}},"_links":{"self":[{"href":"https:\/\/hopeful-hofstadter.31-220-96-92.plesk.page\/index.php?rest_route=\/wp\/v2\/pages\/99","targetHints":{"allow":["GET"]}}],"collection":[{"href":"https:\/\/hopeful-hofstadter.31-220-96-92.plesk.page\/index.php?rest_route=\/wp\/v2\/pages"}],"about":[{"href":"https:\/\/hopeful-hofstadter.31-220-96-92.plesk.page\/index.php?rest_route=\/wp\/v2\/types\/page"}],"author":[{"embeddable":true,"href":"https:\/\/hopeful-hofstadter.31-220-96-92.plesk.page\/index.php?rest_route=\/wp\/v2\/users\/2"}],"replies":[{"embeddable":true,"href":"https:\/\/hopeful-hofstadter.31-220-96-92.plesk.page\/index.php?rest_route=%2Fwp%2Fv2%2Fcomments&post=99"}],"version-history":[{"count":65,"href":"https:\/\/hopeful-hofstadter.31-220-96-92.plesk.page\/index.php?rest_route=\/wp\/v2\/pages\/99\/revisions"}],"predecessor-version":[{"id":6233,"href":"https:\/\/hopeful-hofstadter.31-220-96-92.plesk.page\/index.php?rest_route=\/wp\/v2\/pages\/99\/revisions\/6233"}],"wp:attachment":[{"href":"https:\/\/hopeful-hofstadter.31-220-96-92.plesk.page\/index.php?rest_route=%2Fwp%2Fv2%2Fmedia&parent=99"}],"curies":[{"name":"wp","href":"https:\/\/api.w.org\/{rel}","templated":true}]}}